{"id":10581,"date":"2025-07-25T10:08:46","date_gmt":"2025-07-25T13:08:46","guid":{"rendered":"https:\/\/astrodestino.com.br\/site\/?page_id=10581"},"modified":"2025-08-06T17:00:00","modified_gmt":"2025-08-06T20:00:00","slug":"astrodestino","status":"publish","type":"page","link":"https:\/\/astrodestino.com.br\/site\/astrodestino\/","title":{"rendered":"Astrodestino"},"content":{"rendered":"\t\t<div data-elementor-type=\"wp-page\" data-elementor-id=\"10581\" class=\"elementor elementor-10581\">\n\t\t\t\t<div class=\"elementor-element elementor-element-f9ecf9e e-flex e-con-boxed e-con e-parent\" data-id=\"f9ecf9e\" data-element_type=\"container\" data-settings=\"{&quot;background_background&quot;:&quot;classic&quot;}\">\n\t\t\t\t\t<div class=\"e-con-inner\">\n\t\t<div class=\"elementor-element elementor-element-42629ed e-con-full e-flex e-con e-child\" data-id=\"42629ed\" data-element_type=\"container\">\n\t\t<div class=\"elementor-element elementor-element-4c3b016 e-con-full e-flex e-con e-child\" data-id=\"4c3b016\" data-element_type=\"container\">\n\t\t\t\t<div class=\"elementor-element elementor-element-9331202 elementor-widget elementor-widget-image\" data-id=\"9331202\" data-element_type=\"widget\" data-settings=\"{&quot;_animation_mobile&quot;:&quot;none&quot;}\" data-widget_type=\"image.default\">\n\t\t\t\t<div class=\"elementor-widget-container\">\n\t\t\t\t\t\t\t\t\t\t\t\t\t\t\t<img fetchpriority=\"high\" decoding=\"async\" width=\"780\" height=\"776\" src=\"https:\/\/astrodestino.com.br\/site\/wp-content\/uploads\/2025\/07\/Captura-de-Tela-2025-07-18-as-17.28.18.png\" class=\"attachment-large size-large wp-image-10527\" alt=\"\" srcset=\"https:\/\/astrodestino.com.br\/site\/wp-content\/uploads\/2025\/07\/Captura-de-Tela-2025-07-18-as-17.28.18.png 794w, https:\/\/astrodestino.com.br\/site\/wp-content\/uploads\/2025\/07\/Captura-de-Tela-2025-07-18-as-17.28.18-300x298.png 300w, https:\/\/astrodestino.com.br\/site\/wp-content\/uploads\/2025\/07\/Captura-de-Tela-2025-07-18-as-17.28.18-150x150.png 150w\" sizes=\"(max-width: 780px) 100vw, 780px\" \/>\t\t\t\t\t\t\t\t\t\t\t\t\t\t\t<\/div>\n\t\t\t\t<\/div>\n\t\t\t\t<\/div>\n\t\t<div class=\"elementor-element elementor-element-7b13e95 e-con-full e-flex e-con e-child\" data-id=\"7b13e95\" data-element_type=\"container\">\n\t\t\t\t<div class=\"elementor-element elementor-element-e0044e3 elementor-widget elementor-widget-hub_fancy_heading lqd-el-has-inner-anim\" data-id=\"e0044e3\" data-element_type=\"widget\" data-settings=\"{&quot;enable_split&quot;:&quot;true&quot;,&quot;split_type&quot;:&quot;lines&quot;}\" data-widget_type=\"hub_fancy_heading.default\">\n\t\t\t\t<div class=\"elementor-widget-container\">\n\t\t\t\t\t\n\t\t<div id=\"ld-fancy-heading-69ea3225f2dcb\" class=\"ld-fancy-heading pos-rel mask-text\">\n\t\t\t<h2 class=\"ld-fh-element d-inline-block pos-rel  elementor-heading-title lqd-highlight-classic lqd-highlight-grow-left lqd-split-lines h2\"  data-split-text=\"true\" data-split-options='{\"type\":\"lines\"}'> Andreia Modesto<\/h2>\t\t<\/div>\n\n\t\t\t\t\t\t<\/div>\n\t\t\t\t<\/div>\n\t\t\t\t<div class=\"elementor-element elementor-element-9c32810 elementor-widget elementor-widget-text-editor\" data-id=\"9c32810\" data-element_type=\"widget\" data-widget_type=\"text-editor.default\">\n\t\t\t\t<div class=\"elementor-widget-container\">\n\t\t\t\t\t\t\t\t\t<p>Meu interesse por Astrologia teve inicio na d\u00e9cada de 70. Na \u00e9poca, era incomum algu\u00e9m buscar esse tipo de conhecimento. O \u00fanico curso que existia no Rio era o do j\u00e1 falecido Professor Assuramay. Frequentei duas aulas, embora ele fosse um excelente astr\u00f3logo, senti que fazia uma leitura muito tradicional, o pouco que conhecia j\u00e1 me mostrava certa dificuldade com algumas coloca\u00e7\u00f5es muito r\u00edgidas. Comecei a procurava respostas para minhas quest\u00f5es individuais e n\u00e3o pensava em ser astr\u00f3loga profissional. Encontrei respostas para conflitos e dificuldades que enfrentava, encontrei um sentido e dire\u00e7\u00e3o para minha exist\u00eancia e minha busca nunca mais cessou.<\/p><p>Existia uma livraria no centro da cidade do Rio de Janeiro de dois irm\u00e3os estrangeiros j\u00e1 idosos que s\u00f3 vendiam livros ligados a esoterismo, astrologia, autoconhecimento, todos estrangeiros, foi ali que comprei os primeiros livros, n\u00e3o somente da Astrologia Tradicional como da K\u00e1rmica.<\/p><p>Em 1982 comecei a atender sem cobrar. Porque queria saber se faria sentido para as outras pessoas como fazia para mim, se poderia iluminar meus amigos como havia me esclarecido tantas coisas importantes. Tinha outras atividades em paralelo e em 1988 acabei assumindo profissionalmente a Astrologia e me entregando ao conhecimento e \u00e0 pr\u00e1tica, que \u00e9 fundamental para quem deseja ser um astr\u00f3logo: atender pelo menos um mapa astral por dia.\u00c9 a pr\u00e1tica dessa Astrologia do Terceiro Mil\u00eanio que \u00e9 importante. A nova tradu\u00e7\u00e3o dos signos para esse homem do s\u00e9culo XXI.<\/p><p>Hoje, com 66 anos, tenho metade da vida (33) debru\u00e7ada sobre os mapas de meus clientes. Ministrei cursos no Rio e em S\u00e3o Paulo. Pertenci a espa\u00e7os como a Livraria Arjuna, o Chokmah e o D\u00e9j\u00e0 Vu. Atendo online, usando as plataformas digitais, como Skype ou Zoom, e o atendimento padr\u00e3o inclui os Nodos Lunares, Tr\u00e2nsitos, Progress\u00f5es e Revolu\u00e7\u00e3o. Fa\u00e7o tamb\u00e9m sinastrias e mapas de escolha de carreira e redirecionamento profissional. Fa\u00e7o os estudos para os beb\u00eas e incluo a Numerologia.<\/p><p>Durante 13 anos tive coluna di\u00e1ria no Di\u00e1rio de S\u00e3o Paulo e hoje sou colunista da Veja S\u00e3o Paulo com o blog Astrologando.<\/p><p>Tenho muitos projetos ainda para a Astrologia, como cursos que permitam uma maior compreens\u00e3o sobre os Nodos Lunares e outros aspectos da Astrologia K\u00e1rmica ou Tradicional.<\/p>\t\t\t\t\t\t\t\t<\/div>\n\t\t\t\t<\/div>\n\t\t\t\t<div class=\"elementor-element elementor-element-fad733d elementor-align-left elementor-widget elementor-widget-button\" data-id=\"fad733d\" data-element_type=\"widget\" data-widget_type=\"button.default\">\n\t\t\t\t<div class=\"elementor-widget-container\">\n\t\t\t\t\t\t\t\t\t<div class=\"elementor-button-wrapper\">\n\t\t\t\t\t<a class=\"elementor-button elementor-button-link elementor-size-sm\" href=\"#\">\n\t\t\t\t\t\t<span class=\"elementor-button-content-wrapper\">\n\t\t\t\t\t\t\t\t\t<span class=\"elementor-button-text\">agende sua consulta<\/span>\n\t\t\t\t\t<\/span>\n\t\t\t\t\t<\/a>\n\t\t\t\t<\/div>\n\t\t\t\t\t\t\t\t<\/div>\n\t\t\t\t<\/div>\n\t\t\t\t<\/div>\n\t\t\t\t<\/div>\n\t\t\t\t\t<\/div>\n\t\t\t\t<\/div>\n\t\t\t\t<\/div>\n\t\t","protected":false},"excerpt":{"rendered":"<p>Andreia Modesto Meu interesse por Astrologia teve inicio na d\u00e9cada de 70. Na \u00e9poca, era incomum algu\u00e9m buscar esse tipo de conhecimento. O \u00fanico curso que existia no Rio era o do j\u00e1 falecido Professor Assuramay. Frequentei duas aulas, embora ele fosse um excelente astr\u00f3logo, senti que fazia uma leitura muito tradicional, o pouco que [&hellip;]<\/p>\n","protected":false},"author":1,"featured_media":0,"parent":0,"menu_order":0,"comment_status":"closed","ping_status":"closed","template":"","meta":{"_acf_changed":false,"footnotes":""},"class_list":["post-10581","page","type-page","status-publish","hentry"],"acf":[],"yoast_head":"<!-- This site is optimized with the Yoast SEO plugin v27.2 - https:\/\/yoast.com\/product\/yoast-seo-wordpress\/ -->\n<title>Astrodestino - Astrodestino - Astrologia<\/title>\n<meta name=\"robots\" content=\"index, follow, max-snippet:-1, max-image-preview:large, max-video-preview:-1\" \/>\n<link rel=\"canonical\" href=\"https:\/\/astrodestino.com.br\/site\/astrodestino\/\" \/>\n<meta property=\"og:locale\" content=\"pt_BR\" \/>\n<meta property=\"og:type\" content=\"article\" \/>\n<meta property=\"og:title\" content=\"Astrodestino - Astrodestino - Astrologia\" \/>\n<meta property=\"og:description\" content=\"Andreia Modesto Meu interesse por Astrologia teve inicio na d\u00e9cada de 70. Na \u00e9poca, era incomum algu\u00e9m buscar esse tipo de conhecimento. O \u00fanico curso que existia no Rio era o do j\u00e1 falecido Professor Assuramay. Frequentei duas aulas, embora ele fosse um excelente astr\u00f3logo, senti que fazia uma leitura muito tradicional, o pouco que [&hellip;]\" \/>\n<meta property=\"og:url\" content=\"https:\/\/astrodestino.com.br\/site\/astrodestino\/\" \/>\n<meta property=\"og:site_name\" content=\"Astrodestino - Astrologia\" \/>\n<meta property=\"article:modified_time\" content=\"2025-08-06T20:00:00+00:00\" \/>\n<meta property=\"og:image\" content=\"https:\/\/astrodestino.com.br\/site\/wp-content\/uploads\/2025\/07\/Captura-de-Tela-2025-07-18-as-17.28.18.png\" \/>\n\t<meta property=\"og:image:width\" content=\"794\" \/>\n\t<meta property=\"og:image:height\" content=\"790\" \/>\n\t<meta property=\"og:image:type\" content=\"image\/png\" \/>\n<meta name=\"twitter:card\" content=\"summary_large_image\" \/>\n<meta name=\"twitter:label1\" content=\"Est. tempo de leitura\" \/>\n\t<meta name=\"twitter:data1\" content=\"3 minutos\" \/>\n<script type=\"application\/ld+json\" class=\"yoast-schema-graph\">{\"@context\":\"https:\/\/schema.org\",\"@graph\":[{\"@type\":\"WebPage\",\"@id\":\"https:\/\/astrodestino.com.br\/site\/astrodestino\/\",\"url\":\"https:\/\/astrodestino.com.br\/site\/astrodestino\/\",\"name\":\"Astrodestino - Astrodestino - Astrologia\",\"isPartOf\":{\"@id\":\"https:\/\/astrodestino.com.br\/site\/#website\"},\"primaryImageOfPage\":{\"@id\":\"https:\/\/astrodestino.com.br\/site\/astrodestino\/#primaryimage\"},\"image\":{\"@id\":\"https:\/\/astrodestino.com.br\/site\/astrodestino\/#primaryimage\"},\"thumbnailUrl\":\"https:\/\/astrodestino.com.br\/site\/wp-content\/uploads\/2025\/07\/Captura-de-Tela-2025-07-18-as-17.28.18.png\",\"datePublished\":\"2025-07-25T13:08:46+00:00\",\"dateModified\":\"2025-08-06T20:00:00+00:00\",\"breadcrumb\":{\"@id\":\"https:\/\/astrodestino.com.br\/site\/astrodestino\/#breadcrumb\"},\"inLanguage\":\"pt-BR\",\"potentialAction\":[{\"@type\":\"ReadAction\",\"target\":[\"https:\/\/astrodestino.com.br\/site\/astrodestino\/\"]}]},{\"@type\":\"ImageObject\",\"inLanguage\":\"pt-BR\",\"@id\":\"https:\/\/astrodestino.com.br\/site\/astrodestino\/#primaryimage\",\"url\":\"https:\/\/astrodestino.com.br\/site\/wp-content\/uploads\/2025\/07\/Captura-de-Tela-2025-07-18-as-17.28.18.png\",\"contentUrl\":\"https:\/\/astrodestino.com.br\/site\/wp-content\/uploads\/2025\/07\/Captura-de-Tela-2025-07-18-as-17.28.18.png\",\"width\":794,\"height\":790},{\"@type\":\"BreadcrumbList\",\"@id\":\"https:\/\/astrodestino.com.br\/site\/astrodestino\/#breadcrumb\",\"itemListElement\":[{\"@type\":\"ListItem\",\"position\":1,\"name\":\"In\u00edcio\",\"item\":\"https:\/\/astrodestino.com.br\/site\/\"},{\"@type\":\"ListItem\",\"position\":2,\"name\":\"Astrodestino\"}]},{\"@type\":\"WebSite\",\"@id\":\"https:\/\/astrodestino.com.br\/site\/#website\",\"url\":\"https:\/\/astrodestino.com.br\/site\/\",\"name\":\"Astrodestino - Astrologia\",\"description\":\"Estudos com base na pr\u00e1tica de mais de 30 anos de atendimento\",\"potentialAction\":[{\"@type\":\"SearchAction\",\"target\":{\"@type\":\"EntryPoint\",\"urlTemplate\":\"https:\/\/astrodestino.com.br\/site\/?s={search_term_string}\"},\"query-input\":{\"@type\":\"PropertyValueSpecification\",\"valueRequired\":true,\"valueName\":\"search_term_string\"}}],\"inLanguage\":\"pt-BR\"}]}<\/script>\n<!-- \/ Yoast SEO plugin. -->","yoast_head_json":{"title":"Astrodestino - Astrodestino - Astrologia","robots":{"index":"index","follow":"follow","max-snippet":"max-snippet:-1","max-image-preview":"max-image-preview:large","max-video-preview":"max-video-preview:-1"},"canonical":"https:\/\/astrodestino.com.br\/site\/astrodestino\/","og_locale":"pt_BR","og_type":"article","og_title":"Astrodestino - Astrodestino - Astrologia","og_description":"Andreia Modesto Meu interesse por Astrologia teve inicio na d\u00e9cada de 70. Na \u00e9poca, era incomum algu\u00e9m buscar esse tipo de conhecimento. O \u00fanico curso que existia no Rio era o do j\u00e1 falecido Professor Assuramay. Frequentei duas aulas, embora ele fosse um excelente astr\u00f3logo, senti que fazia uma leitura muito tradicional, o pouco que [&hellip;]","og_url":"https:\/\/astrodestino.com.br\/site\/astrodestino\/","og_site_name":"Astrodestino - Astrologia","article_modified_time":"2025-08-06T20:00:00+00:00","og_image":[{"width":794,"height":790,"url":"https:\/\/astrodestino.com.br\/site\/wp-content\/uploads\/2025\/07\/Captura-de-Tela-2025-07-18-as-17.28.18.png","type":"image\/png"}],"twitter_card":"summary_large_image","twitter_misc":{"Est. tempo de leitura":"3 minutos"},"schema":{"@context":"https:\/\/schema.org","@graph":[{"@type":"WebPage","@id":"https:\/\/astrodestino.com.br\/site\/astrodestino\/","url":"https:\/\/astrodestino.com.br\/site\/astrodestino\/","name":"Astrodestino - Astrodestino - Astrologia","isPartOf":{"@id":"https:\/\/astrodestino.com.br\/site\/#website"},"primaryImageOfPage":{"@id":"https:\/\/astrodestino.com.br\/site\/astrodestino\/#primaryimage"},"image":{"@id":"https:\/\/astrodestino.com.br\/site\/astrodestino\/#primaryimage"},"thumbnailUrl":"https:\/\/astrodestino.com.br\/site\/wp-content\/uploads\/2025\/07\/Captura-de-Tela-2025-07-18-as-17.28.18.png","datePublished":"2025-07-25T13:08:46+00:00","dateModified":"2025-08-06T20:00:00+00:00","breadcrumb":{"@id":"https:\/\/astrodestino.com.br\/site\/astrodestino\/#breadcrumb"},"inLanguage":"pt-BR","potentialAction":[{"@type":"ReadAction","target":["https:\/\/astrodestino.com.br\/site\/astrodestino\/"]}]},{"@type":"ImageObject","inLanguage":"pt-BR","@id":"https:\/\/astrodestino.com.br\/site\/astrodestino\/#primaryimage","url":"https:\/\/astrodestino.com.br\/site\/wp-content\/uploads\/2025\/07\/Captura-de-Tela-2025-07-18-as-17.28.18.png","contentUrl":"https:\/\/astrodestino.com.br\/site\/wp-content\/uploads\/2025\/07\/Captura-de-Tela-2025-07-18-as-17.28.18.png","width":794,"height":790},{"@type":"BreadcrumbList","@id":"https:\/\/astrodestino.com.br\/site\/astrodestino\/#breadcrumb","itemListElement":[{"@type":"ListItem","position":1,"name":"In\u00edcio","item":"https:\/\/astrodestino.com.br\/site\/"},{"@type":"ListItem","position":2,"name":"Astrodestino"}]},{"@type":"WebSite","@id":"https:\/\/astrodestino.com.br\/site\/#website","url":"https:\/\/astrodestino.com.br\/site\/","name":"Astrodestino - Astrologia","description":"Estudos com base na pr\u00e1tica de mais de 30 anos de atendimento","potentialAction":[{"@type":"SearchAction","target":{"@type":"EntryPoint","urlTemplate":"https:\/\/astrodestino.com.br\/site\/?s={search_term_string}"},"query-input":{"@type":"PropertyValueSpecification","valueRequired":true,"valueName":"search_term_string"}}],"inLanguage":"pt-BR"}]}},"_links":{"self":[{"href":"https:\/\/astrodestino.com.br\/site\/wp-json\/wp\/v2\/pages\/10581","targetHints":{"allow":["GET"]}}],"collection":[{"href":"https:\/\/astrodestino.com.br\/site\/wp-json\/wp\/v2\/pages"}],"about":[{"href":"https:\/\/astrodestino.com.br\/site\/wp-json\/wp\/v2\/types\/page"}],"author":[{"embeddable":true,"href":"https:\/\/astrodestino.com.br\/site\/wp-json\/wp\/v2\/users\/1"}],"replies":[{"embeddable":true,"href":"https:\/\/astrodestino.com.br\/site\/wp-json\/wp\/v2\/comments?post=10581"}],"version-history":[{"count":15,"href":"https:\/\/astrodestino.com.br\/site\/wp-json\/wp\/v2\/pages\/10581\/revisions"}],"predecessor-version":[{"id":10934,"href":"https:\/\/astrodestino.com.br\/site\/wp-json\/wp\/v2\/pages\/10581\/revisions\/10934"}],"wp:attachment":[{"href":"https:\/\/astrodestino.com.br\/site\/wp-json\/wp\/v2\/media?parent=10581"}],"curies":[{"name":"wp","href":"https:\/\/api.w.org\/{rel}","templated":true}]}}