{"id":10608,"date":"2025-07-25T10:19:41","date_gmt":"2025-07-25T13:19:41","guid":{"rendered":"https:\/\/astrodestino.com.br\/site\/?page_id=10608"},"modified":"2025-08-06T14:22:47","modified_gmt":"2025-08-06T17:22:47","slug":"artigos","status":"publish","type":"page","link":"https:\/\/astrodestino.com.br\/site\/artigos\/","title":{"rendered":"Artigos"},"content":{"rendered":"\t\t<div data-elementor-type=\"wp-page\" data-elementor-id=\"10608\" class=\"elementor elementor-10608\">\n\t\t\t\t\t\t<section class=\"elementor-section elementor-top-section elementor-element elementor-element-753e1a3 elementor-section-boxed elementor-section-height-default elementor-section-height-default\" data-id=\"753e1a3\" data-element_type=\"section\">\n\t\t\t\t\t\t<div class=\"elementor-container elementor-column-gap-default\">\n\t\t\t\t\t<div class=\"elementor-column elementor-col-100 elementor-top-column elementor-element elementor-element-cd3d77a\" data-id=\"cd3d77a\" data-element_type=\"column\">\n\t\t\t<div class=\"elementor-widget-wrap elementor-element-populated\">\n\t\t\t\t<div class=\"elementor-element elementor-element-eb06245 e-flex e-con-boxed e-con e-parent\" data-id=\"eb06245\" data-element_type=\"container\">\n\t\t\t\t\t<div class=\"e-con-inner\">\n\t\t\t\t<div class=\"elementor-element elementor-element-c6d404e elementor-widget elementor-widget-hub_fancy_heading\" data-id=\"c6d404e\" data-element_type=\"widget\" data-widget_type=\"hub_fancy_heading.default\">\n\t\t\t\t<div class=\"elementor-widget-container\">\n\t\t\t\t\t\n\t\t<div id=\"ld-fancy-heading-69ea321672655\" class=\"ld-fancy-heading pos-rel\">\n\t\t\t<h2 class=\"ld-fh-element d-inline-block pos-rel  elementor-heading-title lqd-highlight-classic lqd-highlight-grow-left h2\"  > Artigos<\/h2>\t\t<\/div>\n\n\t\t\t\t\t\t<\/div>\n\t\t\t\t<\/div>\n\t\t\t\t\t<\/div>\n\t\t\t\t<\/div>\n\t\t\t\t<div class=\"elementor-element elementor-element-85de547 elementor-widget elementor-widget-ld_blog\" data-id=\"85de547\" data-element_type=\"widget\" data-widget_type=\"ld_blog.default\">\n\t\t\t\t<div class=\"elementor-widget-container\">\n\t\t\t\t\t<div class=\"lqd-lp-grid 85de547 blog-id-140371271 \"><div class=\"lqd-lp-row row pos-rel d-flex flex-wrap\" ><div class=\"lqd-lp-column d-flex flex-column col-md-4 col-sm-6 artigos\"><article id=\"post-11020\" class=\"lqd-lp pos-rel lqd-lp-style-6 lqd-lp-hover-img-zoom lqd-lp-animate-onhover border-radius-4 overflow-hidden text-start post-11020 post type-post status-publish format-standard has-post-thumbnail hentry category-artigos tag-astrologia-carmica\">\n<div class=\"lqd-lp-img overflow-hidden\">\n\n\t<figure><img fetchpriority=\"high\" decoding=\"async\" width=\"720\" height=\"510\" src=\"https:\/\/astrodestino.com.br\/site\/wp-content\/uploads\/2026\/03\/Shutterstock_1089634643-720x510.jpg\" class=\"w-100 wp-post-image\" alt=\"\" itemprop=\"image\" \/><\/figure>\n\t<div class=\"lqd-lp-meta text-uppercase font-weight-bold pos-rel z-index-3\">\n\t\t<span class=\"screen-reader-text\">Tags <\/span><ul class=\"lqd-lp-cat lqd-lp-cat-shaped lqd-lp-cat-solid reset-ul inline-ul font-weight-bold text-uppercase ltr-sp-1\"><li><a class=\"border-radius-circle\" href=\"https:\/\/astrodestino.com.br\/site\/category\/artigos\/\" rel=\"category\">Artigos<\/a><\/li><\/ul>\t<\/div>\n\n<\/div>\n\n<header class=\"lqd-lp-header p-5\">\n\n\t<div class=\"lqd-lp-meta lqd-lp-meta-dot-between d-flex flex-wrap align-items-center text-uppercase ltr-sp-1 font-weight-bold\">\n\n\t\t<div class=\"lqd-lp-author pos-rel z-index-3\">\n\t\t\t<div class=\"lqd-lp-author-info\">\n\t\t\t\t<h3 class=\"mt-0 mb-0 h5\"><a href=\"https:\/\/astrodestino.com.br\/site\/author\/andreiaastrodestino-com-br\/\">Andreia Modesto<\/a><\/h3>\n\t\t\t<\/div>\n\t\t<\/div>\n\n\t\t<time class=\"lqd-lp-date\" datetime=\"2026-03-05T13:12:23-03:00\">2 meses ago<\/time>\n\t<\/div>\n\n\t<h2 class=\"entry-title lqd-lp-title mt-3 mb-0 h5\"><a  href=\"https:\/\/astrodestino.com.br\/site\/astrologia-carmica\/\" rel=\"bookmark\">Astrologia C\u00e1rmica<\/a><\/h2>\n<\/header>\n\n<a  href=\"https:\/\/astrodestino.com.br\/site\/astrologia-carmica\/\" class=\"lqd-lp-overlay-link lqd-overlay lqd-cc-label-trigger z-index-2\" tab-index=\"-1\"><\/a><\/article><\/div><div class=\"lqd-lp-column d-flex flex-column col-md-4 col-sm-6 artigos\"><article id=\"post-11017\" class=\"lqd-lp pos-rel lqd-lp-style-6 lqd-lp-hover-img-zoom lqd-lp-animate-onhover border-radius-4 overflow-hidden text-start post-11017 post type-post status-publish format-standard has-post-thumbnail hentry category-artigos tag-horoscopo-semanal\">\n<div class=\"lqd-lp-img overflow-hidden\">\n\n\t<figure><img decoding=\"async\" width=\"720\" height=\"510\" src=\"data:image\/svg+xml;charset=utf-8,%3Csvg xmlns%3D&#039;http%3A%2F%2Fwww.w3.org%2F2000%2Fsvg&#039; viewBox%3D&#039;0 0 720 510&#039;%2F%3E\" class=\"w-100 ld-lazyload wp-post-image\" alt=\"\" itemprop=\"image\" data-src=\"https:\/\/astrodestino.com.br\/site\/wp-content\/uploads\/2026\/02\/shutterstock_2517040357-720x510.jpg\" data-aspect=\"1.4117647058824\" \/><\/figure>\n\t<div class=\"lqd-lp-meta text-uppercase font-weight-bold pos-rel z-index-3\">\n\t\t<span class=\"screen-reader-text\">Tags <\/span><ul class=\"lqd-lp-cat lqd-lp-cat-shaped lqd-lp-cat-solid reset-ul inline-ul font-weight-bold text-uppercase ltr-sp-1\"><li><a class=\"border-radius-circle\" href=\"https:\/\/astrodestino.com.br\/site\/category\/artigos\/\" rel=\"category\">Artigos<\/a><\/li><\/ul>\t<\/div>\n\n<\/div>\n\n<header class=\"lqd-lp-header p-5\">\n\n\t<div class=\"lqd-lp-meta lqd-lp-meta-dot-between d-flex flex-wrap align-items-center text-uppercase ltr-sp-1 font-weight-bold\">\n\n\t\t<div class=\"lqd-lp-author pos-rel z-index-3\">\n\t\t\t<div class=\"lqd-lp-author-info\">\n\t\t\t\t<h3 class=\"mt-0 mb-0 h5\"><a href=\"https:\/\/astrodestino.com.br\/site\/author\/andreiaastrodestino-com-br\/\">Andreia Modesto<\/a><\/h3>\n\t\t\t<\/div>\n\t\t<\/div>\n\n\t\t<time class=\"lqd-lp-date\" datetime=\"2026-02-18T18:29:13-03:00\">2 meses ago<\/time>\n\t<\/div>\n\n\t<h2 class=\"entry-title lqd-lp-title mt-3 mb-0 h5\"><a  href=\"https:\/\/astrodestino.com.br\/site\/calendario-astrologico-fevereiro-2026\/\" rel=\"bookmark\">Calend\u00e1rio astrol\u00f3gico fevereiro 2026<\/a><\/h2>\n<\/header>\n\n<a  href=\"https:\/\/astrodestino.com.br\/site\/calendario-astrologico-fevereiro-2026\/\" class=\"lqd-lp-overlay-link lqd-overlay lqd-cc-label-trigger z-index-2\" tab-index=\"-1\"><\/a><\/article><\/div><div class=\"lqd-lp-column d-flex flex-column col-md-4 col-sm-6 artigos\"><article id=\"post-11013\" class=\"lqd-lp pos-rel lqd-lp-style-6 lqd-lp-hover-img-zoom lqd-lp-animate-onhover border-radius-4 overflow-hidden text-start post-11013 post type-post status-publish format-standard has-post-thumbnail hentry category-artigos tag-elemento-agua\">\n<div class=\"lqd-lp-img overflow-hidden\">\n\n\t<figure><img decoding=\"async\" width=\"720\" height=\"510\" src=\"data:image\/svg+xml;charset=utf-8,%3Csvg xmlns%3D&#039;http%3A%2F%2Fwww.w3.org%2F2000%2Fsvg&#039; viewBox%3D&#039;0 0 720 510&#039;%2F%3E\" class=\"w-100 ld-lazyload wp-post-image\" alt=\"\" itemprop=\"image\" data-src=\"https:\/\/astrodestino.com.br\/site\/wp-content\/uploads\/2026\/02\/frank-mckenna-OD9EOzfSOh0-unsplash-720x510.jpg\" data-aspect=\"1.4117647058824\" \/><\/figure>\n\t<div class=\"lqd-lp-meta text-uppercase font-weight-bold pos-rel z-index-3\">\n\t\t<span class=\"screen-reader-text\">Tags <\/span><ul class=\"lqd-lp-cat lqd-lp-cat-shaped lqd-lp-cat-solid reset-ul inline-ul font-weight-bold text-uppercase ltr-sp-1\"><li><a class=\"border-radius-circle\" href=\"https:\/\/astrodestino.com.br\/site\/category\/artigos\/\" rel=\"category\">Artigos<\/a><\/li><\/ul>\t<\/div>\n\n<\/div>\n\n<header class=\"lqd-lp-header p-5\">\n\n\t<div class=\"lqd-lp-meta lqd-lp-meta-dot-between d-flex flex-wrap align-items-center text-uppercase ltr-sp-1 font-weight-bold\">\n\n\t\t<div class=\"lqd-lp-author pos-rel z-index-3\">\n\t\t\t<div class=\"lqd-lp-author-info\">\n\t\t\t\t<h3 class=\"mt-0 mb-0 h5\"><a href=\"https:\/\/astrodestino.com.br\/site\/author\/andreiaastrodestino-com-br\/\">Andreia Modesto<\/a><\/h3>\n\t\t\t<\/div>\n\t\t<\/div>\n\n\t\t<time class=\"lqd-lp-date\" datetime=\"2026-02-01T11:46:25-03:00\">3 meses ago<\/time>\n\t<\/div>\n\n\t<h2 class=\"entry-title lqd-lp-title mt-3 mb-0 h5\"><a  href=\"https:\/\/astrodestino.com.br\/site\/calendario-astrologico-2026-3\/\" rel=\"bookmark\">Calend\u00e1rio astrol\u00f3gico 2026<\/a><\/h2>\n<\/header>\n\n<a  href=\"https:\/\/astrodestino.com.br\/site\/calendario-astrologico-2026-3\/\" class=\"lqd-lp-overlay-link lqd-overlay lqd-cc-label-trigger z-index-2\" tab-index=\"-1\"><\/a><\/article><\/div><div class=\"lqd-lp-column d-flex flex-column col-md-4 col-sm-6 artigos\"><article id=\"post-11010\" class=\"lqd-lp pos-rel lqd-lp-style-6 lqd-lp-hover-img-zoom lqd-lp-animate-onhover border-radius-4 overflow-hidden text-start post-11010 post type-post status-publish format-standard has-post-thumbnail hentry category-artigos tag-lua-crescente tag-lua-nova\">\n<div class=\"lqd-lp-img overflow-hidden\">\n\n\t<figure><img loading=\"lazy\" decoding=\"async\" width=\"720\" height=\"510\" src=\"data:image\/svg+xml;charset=utf-8,%3Csvg xmlns%3D&#039;http%3A%2F%2Fwww.w3.org%2F2000%2Fsvg&#039; viewBox%3D&#039;0 0 720 510&#039;%2F%3E\" class=\"w-100 ld-lazyload wp-post-image\" alt=\"\" itemprop=\"image\" data-src=\"https:\/\/astrodestino.com.br\/site\/wp-content\/uploads\/2026\/01\/samuel-quek-YAfxxieU46M-unsplash-720x510.jpg\" data-aspect=\"1.4117647058824\" \/><\/figure>\n\t<div class=\"lqd-lp-meta text-uppercase font-weight-bold pos-rel z-index-3\">\n\t\t<span class=\"screen-reader-text\">Tags <\/span><ul class=\"lqd-lp-cat lqd-lp-cat-shaped lqd-lp-cat-solid reset-ul inline-ul font-weight-bold text-uppercase ltr-sp-1\"><li><a class=\"border-radius-circle\" href=\"https:\/\/astrodestino.com.br\/site\/category\/artigos\/\" rel=\"category\">Artigos<\/a><\/li><\/ul>\t<\/div>\n\n<\/div>\n\n<header class=\"lqd-lp-header p-5\">\n\n\t<div class=\"lqd-lp-meta lqd-lp-meta-dot-between d-flex flex-wrap align-items-center text-uppercase ltr-sp-1 font-weight-bold\">\n\n\t\t<div class=\"lqd-lp-author pos-rel z-index-3\">\n\t\t\t<div class=\"lqd-lp-author-info\">\n\t\t\t\t<h3 class=\"mt-0 mb-0 h5\"><a href=\"https:\/\/astrodestino.com.br\/site\/author\/andreiaastrodestino-com-br\/\">Andreia Modesto<\/a><\/h3>\n\t\t\t<\/div>\n\t\t<\/div>\n\n\t\t<time class=\"lqd-lp-date\" datetime=\"2026-01-11T18:43:40-03:00\">3 meses ago<\/time>\n\t<\/div>\n\n\t<h2 class=\"entry-title lqd-lp-title mt-3 mb-0 h5\"><a  href=\"https:\/\/astrodestino.com.br\/site\/lua-nova-e-lua-crescente\/\" rel=\"bookmark\">Lua Nova e Lua Crescente<\/a><\/h2>\n<\/header>\n\n<a  href=\"https:\/\/astrodestino.com.br\/site\/lua-nova-e-lua-crescente\/\" class=\"lqd-lp-overlay-link lqd-overlay lqd-cc-label-trigger z-index-2\" tab-index=\"-1\"><\/a><\/article><\/div><div class=\"lqd-lp-column d-flex flex-column col-md-4 col-sm-6 sem-categoria\"><article id=\"post-11006\" class=\"lqd-lp pos-rel lqd-lp-style-6 lqd-lp-hover-img-zoom lqd-lp-animate-onhover border-radius-4 overflow-hidden text-start post-11006 post type-post status-publish format-standard has-post-thumbnail hentry category-sem-categoria tag-atendimentos-astrologicos\">\n<div class=\"lqd-lp-img overflow-hidden\">\n\n\t<figure><img loading=\"lazy\" decoding=\"async\" width=\"720\" height=\"510\" src=\"data:image\/svg+xml;charset=utf-8,%3Csvg xmlns%3D&#039;http%3A%2F%2Fwww.w3.org%2F2000%2Fsvg&#039; viewBox%3D&#039;0 0 720 510&#039;%2F%3E\" class=\"w-100 ld-lazyload wp-post-image\" alt=\"\" itemprop=\"image\" data-src=\"https:\/\/astrodestino.com.br\/site\/wp-content\/uploads\/2026\/01\/4iue9aenn0wc1-720x510.jpeg\" data-aspect=\"1.4117647058824\" \/><\/figure>\n\t<div class=\"lqd-lp-meta text-uppercase font-weight-bold pos-rel z-index-3\">\n\t\t<span class=\"screen-reader-text\">Tags <\/span><ul class=\"lqd-lp-cat lqd-lp-cat-shaped lqd-lp-cat-solid reset-ul inline-ul font-weight-bold text-uppercase ltr-sp-1\"><li><a class=\"border-radius-circle\" href=\"https:\/\/astrodestino.com.br\/site\/category\/sem-categoria\/\" rel=\"category\">Sem categoria<\/a><\/li><\/ul>\t<\/div>\n\n<\/div>\n\n<header class=\"lqd-lp-header p-5\">\n\n\t<div class=\"lqd-lp-meta lqd-lp-meta-dot-between d-flex flex-wrap align-items-center text-uppercase ltr-sp-1 font-weight-bold\">\n\n\t\t<div class=\"lqd-lp-author pos-rel z-index-3\">\n\t\t\t<div class=\"lqd-lp-author-info\">\n\t\t\t\t<h3 class=\"mt-0 mb-0 h5\"><a href=\"https:\/\/astrodestino.com.br\/site\/author\/andreiaastrodestino-com-br\/\">Andreia Modesto<\/a><\/h3>\n\t\t\t<\/div>\n\t\t<\/div>\n\n\t\t<time class=\"lqd-lp-date\" datetime=\"2026-01-05T10:45:00-03:00\">4 meses ago<\/time>\n\t<\/div>\n\n\t<h2 class=\"entry-title lqd-lp-title mt-3 mb-0 h5\"><a  href=\"https:\/\/astrodestino.com.br\/site\/atendimentos-astrologicos-2026\/\" rel=\"bookmark\">Atendimentos astrol\u00f3gicos 2026<\/a><\/h2>\n<\/header>\n\n<a  href=\"https:\/\/astrodestino.com.br\/site\/atendimentos-astrologicos-2026\/\" class=\"lqd-lp-overlay-link lqd-overlay lqd-cc-label-trigger z-index-2\" tab-index=\"-1\"><\/a><\/article><\/div><div class=\"lqd-lp-column d-flex flex-column col-md-4 col-sm-6 artigos\"><article id=\"post-11001\" class=\"lqd-lp pos-rel lqd-lp-style-6 lqd-lp-hover-img-zoom lqd-lp-animate-onhover border-radius-4 overflow-hidden text-start post-11001 post type-post status-publish format-standard has-post-thumbnail hentry category-artigos\">\n<div class=\"lqd-lp-img overflow-hidden\">\n\n\t<figure><img loading=\"lazy\" decoding=\"async\" width=\"720\" height=\"510\" src=\"data:image\/svg+xml;charset=utf-8,%3Csvg xmlns%3D&#039;http%3A%2F%2Fwww.w3.org%2F2000%2Fsvg&#039; viewBox%3D&#039;0 0 720 510&#039;%2F%3E\" class=\"w-100 ld-lazyload wp-post-image\" alt=\"A primeira quinzena do ano de 2026!\" itemprop=\"image\" data-src=\"https:\/\/astrodestino.com.br\/site\/wp-content\/uploads\/2025\/12\/simon-wilkes-WtjaOw9G5FA-unsplash-720x510.jpg\" data-aspect=\"1.4117647058824\" \/><\/figure>\n\t<div class=\"lqd-lp-meta text-uppercase font-weight-bold pos-rel z-index-3\">\n\t\t<span class=\"screen-reader-text\">Tags <\/span><ul class=\"lqd-lp-cat lqd-lp-cat-shaped lqd-lp-cat-solid reset-ul inline-ul font-weight-bold text-uppercase ltr-sp-1\"><li><a class=\"border-radius-circle\" href=\"https:\/\/astrodestino.com.br\/site\/category\/artigos\/\" rel=\"category\">Artigos<\/a><\/li><\/ul>\t<\/div>\n\n<\/div>\n\n<header class=\"lqd-lp-header p-5\">\n\n\t<div class=\"lqd-lp-meta lqd-lp-meta-dot-between d-flex flex-wrap align-items-center text-uppercase ltr-sp-1 font-weight-bold\">\n\n\t\t<div class=\"lqd-lp-author pos-rel z-index-3\">\n\t\t\t<div class=\"lqd-lp-author-info\">\n\t\t\t\t<h3 class=\"mt-0 mb-0 h5\"><a href=\"https:\/\/astrodestino.com.br\/site\/author\/andreiaastrodestino-com-br\/\">Andreia Modesto<\/a><\/h3>\n\t\t\t<\/div>\n\t\t<\/div>\n\n\t\t<time class=\"lqd-lp-date\" datetime=\"2025-12-31T11:12:27-03:00\">4 meses ago<\/time>\n\t<\/div>\n\n\t<h2 class=\"entry-title lqd-lp-title mt-3 mb-0 h5\"><a  href=\"https:\/\/astrodestino.com.br\/site\/janeiro-2026\/\" rel=\"bookmark\">Janeiro 2026<\/a><\/h2>\n<\/header>\n\n<a  href=\"https:\/\/astrodestino.com.br\/site\/janeiro-2026\/\" class=\"lqd-lp-overlay-link lqd-overlay lqd-cc-label-trigger z-index-2\" tab-index=\"-1\"><\/a><\/article><\/div><\/div><!--\/ .row --><div class=\"liquid-pf-nav ld-pf-nav-ajax\"><div class=\"page-nav text-center\"><nav aria-label=\"Page navigation\"><a href=\"https:\/\/astrodestino.com.br\/site\/wp-json\/wp\/v2\/pages\/10608\/page\/2\/?ajaxify=1\" rel=\"nofollow\" data-ajaxify=\"true\" data-ajaxify-options=\"{&quot;wrapper&quot;:&quot;.lqd-lp-grid.blog-id-140371271 &gt; .lqd-lp-row&quot;,&quot;items&quot;:&quot;&gt; .lqd-lp-column&quot;,&quot;trigger&quot;:&quot;click&quot;}\" class=\"elementor-button btn ws-nowrap ld-ajax-loadmore ws-nowrap \"><span class=\"static d-block\">Carregar mais<\/span><span class=\"loading d-block pos-abs\"><span class=\"dots d-block\"><span class=\"d-inline-block\"><\/span><span class=\"d-inline-block\"><\/span><span class=\"d-inline-block\"><\/span><\/span><span class=\"d-block mt-1\">Carregando<\/span><\/span><span class=\"all-loaded d-block pos-abs\">Todos os itens carregados <svg width=\"32\" height=\"29\" xmlns=\"http:\/\/www.w3.org\/2000\/svg\" viewBox=\"0 0 32 29\" style=\"width: 1.5em; height: 1.5em; margin-inline-start: 0.5em;\"><path fill=\"currentColor\" d=\"M25.74 6.23c0.38 0.34 0.42 0.9 0.09 1.28l-12.77 14.58a0.91 0.91 0 0 1-1.33 0.04l-5.46-5.46a0.91 0.91 0 1 1 1.29-1.29l4.77 4.78 12.12-13.85a0.91 0.91 0 0 1 1.29-0.08z\"><\/path><\/svg><\/span><\/a><\/nav><\/div><\/div><\/div><!--\/ .lqd-lp-grid -->\t\t\t\t<\/div>\n\t\t\t\t<\/div>\n\t\t\t\t\t<\/div>\n\t\t<\/div>\n\t\t\t\t\t<\/div>\n\t\t<\/section>\n\t\t\t\t<\/div>\n\t\t","protected":false},"excerpt":{"rendered":"<p>Artigos Tags Artigos Andreia Modesto 3 semanas ago Saturno retr\u00f3grado Tags Sem categoria Andreia Modesto 3 semanas ago Netuno retr\u00f3grado Tags Artigos Andreia Modesto 1 m\u00eas ago Urano em G\u00eameos Tags Artigos Andreia Modesto 1 m\u00eas ago Lua Nova em C\u00e2ncer Tags Artigos Andreia Modesto 1 m\u00eas ago Merc\u00fario, V\u00eanus e Urano Tags Artigos Andreia [&hellip;]<\/p>\n","protected":false},"author":1,"featured_media":0,"parent":0,"menu_order":0,"comment_status":"closed","ping_status":"closed","template":"","meta":{"_acf_changed":false,"footnotes":""},"class_list":["post-10608","page","type-page","status-publish","hentry"],"acf":[],"yoast_head":"<!-- This site is optimized with the Yoast SEO plugin v27.2 - https:\/\/yoast.com\/product\/yoast-seo-wordpress\/ -->\n<title>Artigos - Astrodestino - Astrologia<\/title>\n<meta name=\"robots\" content=\"index, follow, max-snippet:-1, max-image-preview:large, max-video-preview:-1\" \/>\n<link rel=\"canonical\" href=\"https:\/\/astrodestino.com.br\/site\/artigos\/\" \/>\n<meta property=\"og:locale\" content=\"pt_BR\" \/>\n<meta property=\"og:type\" content=\"article\" \/>\n<meta property=\"og:title\" content=\"Artigos - Astrodestino - Astrologia\" \/>\n<meta property=\"og:description\" content=\"Artigos Tags Artigos Andreia Modesto 3 semanas ago Saturno retr\u00f3grado Tags Sem categoria Andreia Modesto 3 semanas ago Netuno retr\u00f3grado Tags Artigos Andreia Modesto 1 m\u00eas ago Urano em G\u00eameos Tags Artigos Andreia Modesto 1 m\u00eas ago Lua Nova em C\u00e2ncer Tags Artigos Andreia Modesto 1 m\u00eas ago Merc\u00fario, V\u00eanus e Urano Tags Artigos Andreia [&hellip;]\" \/>\n<meta property=\"og:url\" content=\"https:\/\/astrodestino.com.br\/site\/artigos\/\" \/>\n<meta property=\"og:site_name\" content=\"Astrodestino - Astrologia\" \/>\n<meta property=\"article:modified_time\" content=\"2025-08-06T17:22:47+00:00\" \/>\n<meta property=\"og:image\" content=\"https:\/\/astrodestino.com.br\/site\/wp-content\/uploads\/2025\/07\/the_alchemist_by_paigecompositor_dg3jhpn-fullview-720x510.jpg\" \/>\n<meta name=\"twitter:card\" content=\"summary_large_image\" \/>\n<meta name=\"twitter:label1\" content=\"Est. tempo de leitura\" \/>\n\t<meta name=\"twitter:data1\" content=\"2 minutos\" \/>\n<script type=\"application\/ld+json\" class=\"yoast-schema-graph\">{\"@context\":\"https:\/\/schema.org\",\"@graph\":[{\"@type\":\"WebPage\",\"@id\":\"https:\/\/astrodestino.com.br\/site\/artigos\/\",\"url\":\"https:\/\/astrodestino.com.br\/site\/artigos\/\",\"name\":\"Artigos - Astrodestino - Astrologia\",\"isPartOf\":{\"@id\":\"https:\/\/astrodestino.com.br\/site\/#website\"},\"primaryImageOfPage\":{\"@id\":\"https:\/\/astrodestino.com.br\/site\/artigos\/#primaryimage\"},\"image\":{\"@id\":\"https:\/\/astrodestino.com.br\/site\/artigos\/#primaryimage\"},\"thumbnailUrl\":\"https:\/\/astrodestino.com.br\/site\/wp-content\/uploads\/2025\/07\/the_alchemist_by_paigecompositor_dg3jhpn-fullview-720x510.jpg\",\"datePublished\":\"2025-07-25T13:19:41+00:00\",\"dateModified\":\"2025-08-06T17:22:47+00:00\",\"breadcrumb\":{\"@id\":\"https:\/\/astrodestino.com.br\/site\/artigos\/#breadcrumb\"},\"inLanguage\":\"pt-BR\",\"potentialAction\":[{\"@type\":\"ReadAction\",\"target\":[\"https:\/\/astrodestino.com.br\/site\/artigos\/\"]}]},{\"@type\":\"ImageObject\",\"inLanguage\":\"pt-BR\",\"@id\":\"https:\/\/astrodestino.com.br\/site\/artigos\/#primaryimage\",\"url\":\"https:\/\/astrodestino.com.br\/site\/wp-content\/uploads\/2025\/07\/the_alchemist_by_paigecompositor_dg3jhpn-fullview.jpg\",\"contentUrl\":\"https:\/\/astrodestino.com.br\/site\/wp-content\/uploads\/2025\/07\/the_alchemist_by_paigecompositor_dg3jhpn-fullview.jpg\",\"width\":1280,\"height\":1280},{\"@type\":\"BreadcrumbList\",\"@id\":\"https:\/\/astrodestino.com.br\/site\/artigos\/#breadcrumb\",\"itemListElement\":[{\"@type\":\"ListItem\",\"position\":1,\"name\":\"In\u00edcio\",\"item\":\"https:\/\/astrodestino.com.br\/site\/\"},{\"@type\":\"ListItem\",\"position\":2,\"name\":\"Artigos\"}]},{\"@type\":\"WebSite\",\"@id\":\"https:\/\/astrodestino.com.br\/site\/#website\",\"url\":\"https:\/\/astrodestino.com.br\/site\/\",\"name\":\"Astrodestino - Astrologia\",\"description\":\"Estudos com base na pr\u00e1tica de mais de 30 anos de atendimento\",\"potentialAction\":[{\"@type\":\"SearchAction\",\"target\":{\"@type\":\"EntryPoint\",\"urlTemplate\":\"https:\/\/astrodestino.com.br\/site\/?s={search_term_string}\"},\"query-input\":{\"@type\":\"PropertyValueSpecification\",\"valueRequired\":true,\"valueName\":\"search_term_string\"}}],\"inLanguage\":\"pt-BR\"}]}<\/script>\n<!-- \/ Yoast SEO plugin. -->","yoast_head_json":{"title":"Artigos - Astrodestino - Astrologia","robots":{"index":"index","follow":"follow","max-snippet":"max-snippet:-1","max-image-preview":"max-image-preview:large","max-video-preview":"max-video-preview:-1"},"canonical":"https:\/\/astrodestino.com.br\/site\/artigos\/","og_locale":"pt_BR","og_type":"article","og_title":"Artigos - Astrodestino - Astrologia","og_description":"Artigos Tags Artigos Andreia Modesto 3 semanas ago Saturno retr\u00f3grado Tags Sem categoria Andreia Modesto 3 semanas ago Netuno retr\u00f3grado Tags Artigos Andreia Modesto 1 m\u00eas ago Urano em G\u00eameos Tags Artigos Andreia Modesto 1 m\u00eas ago Lua Nova em C\u00e2ncer Tags Artigos Andreia Modesto 1 m\u00eas ago Merc\u00fario, V\u00eanus e Urano Tags Artigos Andreia [&hellip;]","og_url":"https:\/\/astrodestino.com.br\/site\/artigos\/","og_site_name":"Astrodestino - Astrologia","article_modified_time":"2025-08-06T17:22:47+00:00","og_image":[{"url":"https:\/\/astrodestino.com.br\/site\/wp-content\/uploads\/2025\/07\/the_alchemist_by_paigecompositor_dg3jhpn-fullview-720x510.jpg","type":"","width":"","height":""}],"twitter_card":"summary_large_image","twitter_misc":{"Est. tempo de leitura":"2 minutos"},"schema":{"@context":"https:\/\/schema.org","@graph":[{"@type":"WebPage","@id":"https:\/\/astrodestino.com.br\/site\/artigos\/","url":"https:\/\/astrodestino.com.br\/site\/artigos\/","name":"Artigos - Astrodestino - Astrologia","isPartOf":{"@id":"https:\/\/astrodestino.com.br\/site\/#website"},"primaryImageOfPage":{"@id":"https:\/\/astrodestino.com.br\/site\/artigos\/#primaryimage"},"image":{"@id":"https:\/\/astrodestino.com.br\/site\/artigos\/#primaryimage"},"thumbnailUrl":"https:\/\/astrodestino.com.br\/site\/wp-content\/uploads\/2025\/07\/the_alchemist_by_paigecompositor_dg3jhpn-fullview-720x510.jpg","datePublished":"2025-07-25T13:19:41+00:00","dateModified":"2025-08-06T17:22:47+00:00","breadcrumb":{"@id":"https:\/\/astrodestino.com.br\/site\/artigos\/#breadcrumb"},"inLanguage":"pt-BR","potentialAction":[{"@type":"ReadAction","target":["https:\/\/astrodestino.com.br\/site\/artigos\/"]}]},{"@type":"ImageObject","inLanguage":"pt-BR","@id":"https:\/\/astrodestino.com.br\/site\/artigos\/#primaryimage","url":"https:\/\/astrodestino.com.br\/site\/wp-content\/uploads\/2025\/07\/the_alchemist_by_paigecompositor_dg3jhpn-fullview.jpg","contentUrl":"https:\/\/astrodestino.com.br\/site\/wp-content\/uploads\/2025\/07\/the_alchemist_by_paigecompositor_dg3jhpn-fullview.jpg","width":1280,"height":1280},{"@type":"BreadcrumbList","@id":"https:\/\/astrodestino.com.br\/site\/artigos\/#breadcrumb","itemListElement":[{"@type":"ListItem","position":1,"name":"In\u00edcio","item":"https:\/\/astrodestino.com.br\/site\/"},{"@type":"ListItem","position":2,"name":"Artigos"}]},{"@type":"WebSite","@id":"https:\/\/astrodestino.com.br\/site\/#website","url":"https:\/\/astrodestino.com.br\/site\/","name":"Astrodestino - Astrologia","description":"Estudos com base na pr\u00e1tica de mais de 30 anos de atendimento","potentialAction":[{"@type":"SearchAction","target":{"@type":"EntryPoint","urlTemplate":"https:\/\/astrodestino.com.br\/site\/?s={search_term_string}"},"query-input":{"@type":"PropertyValueSpecification","valueRequired":true,"valueName":"search_term_string"}}],"inLanguage":"pt-BR"}]}},"_links":{"self":[{"href":"https:\/\/astrodestino.com.br\/site\/wp-json\/wp\/v2\/pages\/10608","targetHints":{"allow":["GET"]}}],"collection":[{"href":"https:\/\/astrodestino.com.br\/site\/wp-json\/wp\/v2\/pages"}],"about":[{"href":"https:\/\/astrodestino.com.br\/site\/wp-json\/wp\/v2\/types\/page"}],"author":[{"embeddable":true,"href":"https:\/\/astrodestino.com.br\/site\/wp-json\/wp\/v2\/users\/1"}],"replies":[{"embeddable":true,"href":"https:\/\/astrodestino.com.br\/site\/wp-json\/wp\/v2\/comments?post=10608"}],"version-history":[{"count":60,"href":"https:\/\/astrodestino.com.br\/site\/wp-json\/wp\/v2\/pages\/10608\/revisions"}],"predecessor-version":[{"id":10926,"href":"https:\/\/astrodestino.com.br\/site\/wp-json\/wp\/v2\/pages\/10608\/revisions\/10926"}],"wp:attachment":[{"href":"https:\/\/astrodestino.com.br\/site\/wp-json\/wp\/v2\/media?parent=10608"}],"curies":[{"name":"wp","href":"https:\/\/api.w.org\/{rel}","templated":true}]}}