{"id":10666,"date":"2025-07-25T17:08:20","date_gmt":"2025-07-25T20:08:20","guid":{"rendered":"https:\/\/astrodestino.com.br\/site\/?page_id=10666"},"modified":"2025-08-06T17:00:31","modified_gmt":"2025-08-06T20:00:31","slug":"cadastro","status":"publish","type":"page","link":"https:\/\/astrodestino.com.br\/site\/cadastro\/","title":{"rendered":"Cadastro"},"content":{"rendered":"\t\t<div data-elementor-type=\"wp-page\" data-elementor-id=\"10666\" class=\"elementor elementor-10666\">\n\t\t\t\t\t\t<section class=\"elementor-section elementor-top-section elementor-element elementor-element-df870a4 elementor-section-boxed elementor-section-height-default elementor-section-height-default\" data-id=\"df870a4\" data-element_type=\"section\">\n\t\t\t\t\t\t<div class=\"elementor-container elementor-column-gap-default\">\n\t\t\t\t\t<div class=\"elementor-column elementor-col-50 elementor-top-column elementor-element elementor-element-269a83b\" data-id=\"269a83b\" data-element_type=\"column\" data-settings=\"{&quot;background_background&quot;:&quot;classic&quot;}\">\n\t\t\t<div class=\"elementor-widget-wrap elementor-element-populated\">\n\t\t\t\t\t\t<div class=\"elementor-element elementor-element-87a1afd elementor-widget elementor-widget-text-editor\" data-id=\"87a1afd\" data-element_type=\"widget\" data-widget_type=\"text-editor.default\">\n\t\t\t\t<div class=\"elementor-widget-container\">\n\t\t\t\t\t\t\t\t\t<p>Receba atualiza\u00e7\u00f5es sobre o universo da <strong>Astrologia, Previs\u00f5es para os Signos<\/strong> e lan\u00e7amento de cursos nas plataformas digitais<\/p>\t\t\t\t\t\t\t\t<\/div>\n\t\t\t\t<\/div>\n\t\t\t\t<div class=\"elementor-element elementor-element-3e72505 elementor-widget elementor-widget-html\" data-id=\"3e72505\" data-element_type=\"widget\" data-widget_type=\"html.default\">\n\t\t\t\t<div class=\"elementor-widget-container\">\n\t\t\t\t\t<!-- Begin Mailchimp Signup Form -->\n<link href=\"\/\/cdn-images.mailchimp.com\/embedcode\/classic-10_7.css\" rel=\"stylesheet\" type=\"text\/css\">\n<style type=\"text\/css\">\n\t#mc_embed_signup{background:#121631; clear:left; font:14px Helvetica,Arial,sans-serif; }\n\t\/* Add your own Mailchimp form style overrides in your site stylesheet or in this style block.\n\t   We recommend moving this block and the preceding CSS link to the HEAD of your HTML file. *\/\n    .centro{\n        text-align: center;\n    }\n    #mc-embedded-subscribe{\n        background: #F45B6A !important;\npadding: 15px 40px 12px !important;\ntext-transform: uppercase;\nfont-weight: 600 !important;\nfont-size: 20px !importantinherit;\nheight: auto !important;\n        \n    }\n    #mc-embedded-subscribe:hover{\n        background: #121631 !important;\n    }\n<\/style>\n<div id=\"mc_embed_signup\">\n<form action=\"https:\/\/astrodestino.us6.list-manage.com\/subscribe\/post?u=7a8524b25fef31780d6055e8b&amp;id=704499690c\" method=\"post\" id=\"mc-embedded-subscribe-form\" name=\"mc-embedded-subscribe-form\" class=\"validate\" target=\"_blank\" novalidate>\n    <div id=\"mc_embed_signup_scroll\">\n\t\n<div class=\"mc-field-group\">\n\t<label for=\"mce-EMAIL\">Seu melhor email<\/label>\n\t<input type=\"email\" value=\"\" name=\"EMAIL\" class=\"required email\" id=\"mce-EMAIL\" placeholder=\"Seu melhor email\">\n<\/div>\n\t<div id=\"mce-responses\" class=\"clear\">\n\t\t<div class=\"response\" id=\"mce-error-response\" style=\"display:none\"><\/div>\n\t\t<div class=\"response\" id=\"mce-success-response\" style=\"display:none\"><\/div>\n\t<\/div>    <!-- real people should not fill this in and expect good things - do not remove this or risk form bot signups-->\n    <div style=\"position: absolute; left: -5000px;\" aria-hidden=\"true\"><input type=\"text\" name=\"b_7a8524b25fef31780d6055e8b_704499690c\" tabindex=\"-1\" value=\"\"><\/div>\n    <div class=\"clear centro\"><input type=\"submit\" value=\"Quero participar\" name=\"subscribe\" id=\"mc-embedded-subscribe\" class=\"button\"><\/div>\n    <\/div>\n<\/form>\n<\/div>\n<script type='text\/javascript' src='\/\/s3.amazonaws.com\/downloads.mailchimp.com\/js\/mc-validate.js'><\/script><script type='text\/javascript'>(function($) {window.fnames = new Array(); window.ftypes = new Array();fnames[0]='EMAIL';ftypes[0]='email'; \/**\n * Translated default messages for the $ validation plugin.\n * Locale: PT_PT\n *\/\n$.extend($.validator.messages, {\n\trequired: \"Campo de preenchimento obrigat&oacute;rio.\",\n\tremote: \"Por favor, corrija este campo.\",\n\temail: \"Por favor, introduza um endere&ccedil;o eletr&oacute;nico v&aacute;lido.\",\n\turl: \"Por favor, introduza um URL v&aacute;lido.\",\n\tdate: \"Por favor, introduza uma data v&aacute;lida.\",\n\tdateISO: \"Por favor, introduza uma data v&aacute;lida (ISO).\",\n\tnumber: \"Por favor, introduza um n&uacute;mero v&aacute;lido.\",\n\tdigits: \"Por favor, introduza apenas d&iacute;gitos.\",\n\tcreditcard: \"Por favor, introduza um n&uacute;mero de cart&atilde;o de cr&eacute;dito v&aacute;lido.\",\n\tequalTo: \"Por favor, introduza de novo o mesmo valor.\",\n\taccept: \"Por favor, introduza um ficheiro com uma extens&atilde;o v&aacute;lida.\",\n\tmaxlength: $.validator.format(\"Por favor, n&atilde;o introduza mais do que {0} caracteres.\"),\n\tminlength: $.validator.format(\"Por favor, introduza pelo menos {0} caracteres.\"),\n\trangelength: $.validator.format(\"Por favor, introduza entre {0} e {1} caracteres.\"),\n\trange: $.validator.format(\"Por favor, introduza um valor entre {0} e {1}.\"),\n\tmax: $.validator.format(\"Por favor, introduza um valor menor ou igual a {0}.\"),\n\tmin: $.validator.format(\"Por favor, introduza um valor maior ou igual a {0}.\")\n});}(jQuery));var $mcj = jQuery.noConflict(true);<\/script>\n<!--End mc_embed_signup-->\t\t\t\t<\/div>\n\t\t\t\t<\/div>\n\t\t\t\t\t<\/div>\n\t\t<\/div>\n\t\t\t\t<div class=\"elementor-column elementor-col-50 elementor-top-column elementor-element elementor-element-64e5bb2\" data-id=\"64e5bb2\" data-element_type=\"column\">\n\t\t\t<div class=\"elementor-widget-wrap elementor-element-populated\">\n\t\t\t\t\t\t<div class=\"elementor-element elementor-element-9a548f4 elementor-widget elementor-widget-image\" data-id=\"9a548f4\" data-element_type=\"widget\" data-widget_type=\"image.default\">\n\t\t\t\t<div class=\"elementor-widget-container\">\n\t\t\t\t\t\t\t\t\t\t\t\t\t\t\t<img fetchpriority=\"high\" decoding=\"async\" width=\"780\" height=\"605\" src=\"https:\/\/astrodestino.com.br\/site\/wp-content\/uploads\/2022\/04\/Andreia-Pg-Captura-Mockup.png\" class=\"attachment-large size-large wp-image-8134\" alt=\"\" srcset=\"https:\/\/astrodestino.com.br\/site\/wp-content\/uploads\/2022\/04\/Andreia-Pg-Captura-Mockup.png 800w, https:\/\/astrodestino.com.br\/site\/wp-content\/uploads\/2022\/04\/Andreia-Pg-Captura-Mockup-300x233.png 300w, https:\/\/astrodestino.com.br\/site\/wp-content\/uploads\/2022\/04\/Andreia-Pg-Captura-Mockup-600x465.png 600w\" sizes=\"(max-width: 780px) 100vw, 780px\" \/>\t\t\t\t\t\t\t\t\t\t\t\t\t\t\t<\/div>\n\t\t\t\t<\/div>\n\t\t\t\t\t<\/div>\n\t\t<\/div>\n\t\t\t\t\t<\/div>\n\t\t<\/section>\n\t\t\t\t<section class=\"elementor-section elementor-top-section elementor-element elementor-element-46f1450 elementor-section-content-top elementor-section-boxed elementor-section-height-default elementor-section-height-default\" data-id=\"46f1450\" data-element_type=\"section\" data-settings=\"{&quot;background_background&quot;:&quot;classic&quot;}\">\n\t\t\t\t\t\t<div class=\"elementor-container elementor-column-gap-no\">\n\t\t\t\t\t<div class=\"elementor-column elementor-col-50 elementor-top-column elementor-element elementor-element-dc54235\" data-id=\"dc54235\" data-element_type=\"column\">\n\t\t\t<div class=\"elementor-widget-wrap elementor-element-populated\">\n\t\t\t\t\t\t<div class=\"elementor-element elementor-element-a2e4c9a elementor-widget-divider--view-line elementor-widget elementor-widget-divider\" data-id=\"a2e4c9a\" data-element_type=\"widget\" data-widget_type=\"divider.default\">\n\t\t\t\t<div class=\"elementor-widget-container\">\n\t\t\t\t\t\t\t<div class=\"elementor-divider\">\n\t\t\t<span class=\"elementor-divider-separator\">\n\t\t\t\t\t\t<\/span>\n\t\t<\/div>\n\t\t\t\t\t\t<\/div>\n\t\t\t\t<\/div>\n\t\t\t\t\t<\/div>\n\t\t<\/div>\n\t\t\t\t<div class=\"elementor-column elementor-col-50 elementor-top-column elementor-element elementor-element-1408083\" data-id=\"1408083\" data-element_type=\"column\">\n\t\t\t<div class=\"elementor-widget-wrap elementor-element-populated\">\n\t\t\t\t\t\t<div class=\"elementor-element elementor-element-b87543c elementor-widget elementor-widget-heading\" data-id=\"b87543c\" data-element_type=\"widget\" data-widget_type=\"heading.default\">\n\t\t\t\t<div class=\"elementor-widget-container\">\n\t\t\t\t\t<h5 class=\"elementor-heading-title elementor-size-default\">Astrodestino<\/h5>\t\t\t\t<\/div>\n\t\t\t\t<\/div>\n\t\t\t\t<div class=\"elementor-element elementor-element-75a1c7d elementor-widget elementor-widget-heading\" data-id=\"75a1c7d\" data-element_type=\"widget\" data-widget_type=\"heading.default\">\n\t\t\t\t<div class=\"elementor-widget-container\">\n\t\t\t\t\t<h4 class=\"elementor-heading-title elementor-size-default\">Andreia Modesto<\/h4>\t\t\t\t<\/div>\n\t\t\t\t<\/div>\n\t\t\t\t<div class=\"elementor-element elementor-element-42f79bf elementor-widget elementor-widget-text-editor\" data-id=\"42f79bf\" data-element_type=\"widget\" data-widget_type=\"text-editor.default\">\n\t\t\t\t<div class=\"elementor-widget-container\">\n\t\t\t\t\t\t\t\t\t<p>Astr\u00f3loga desde 1988, j\u00e1 atendi milhares de pessoas nos \u00faltimos 33 anos e venho ajudando a transformar vidas diariamente por meio da leitura de mapa astral em consultas individuais. Atrav\u00e9s da leitura c\u00e1rmica, \u00a0possibilitando que as pessoas se conhe\u00e7am melhor e tomem decis\u00f5es alinhadas a sua ess\u00eancia e prop\u00f3sito, consegui construir tamb\u00e9m minha pr\u00f3pria trajet\u00f3ria.\u00a0 Sou colunista da Veja S\u00e3o Paulo onde abordo temas da Astrologia, semanalmente. Ministrei cursos presenciais at\u00e9 2002 e estou organizando cursos online e lives. Caso queira conhecer mais do meu trabalho, est\u00e1 convidado a assistir meus v\u00eddeos no YouTube e se aprofundar no autoconhecimento por meio da astrologia.<\/p>\t\t\t\t\t\t\t\t<\/div>\n\t\t\t\t<\/div>\n\t\t\t\t\t<\/div>\n\t\t<\/div>\n\t\t\t\t\t<\/div>\n\t\t<\/section>\n\t\t\t\t<\/div>\n\t\t","protected":false},"excerpt":{"rendered":"<p>Receba atualiza\u00e7\u00f5es sobre o universo da Astrologia, Previs\u00f5es para os Signos e lan\u00e7amento de cursos nas plataformas digitais Seu melhor email Astrodestino Andreia Modesto Astr\u00f3loga desde 1988, j\u00e1 atendi milhares de pessoas nos \u00faltimos 33 anos e venho ajudando a transformar vidas diariamente por meio da leitura de mapa astral em consultas individuais. Atrav\u00e9s da [&hellip;]<\/p>\n","protected":false},"author":1,"featured_media":0,"parent":0,"menu_order":0,"comment_status":"closed","ping_status":"closed","template":"","meta":{"_acf_changed":false,"footnotes":""},"class_list":["post-10666","page","type-page","status-publish","hentry"],"acf":[],"yoast_head":"<!-- This site is optimized with the Yoast SEO plugin v27.2 - https:\/\/yoast.com\/product\/yoast-seo-wordpress\/ -->\n<title>Cadastro - Astrodestino - Astrologia<\/title>\n<meta name=\"robots\" content=\"index, follow, max-snippet:-1, max-image-preview:large, max-video-preview:-1\" \/>\n<link rel=\"canonical\" href=\"https:\/\/astrodestino.com.br\/site\/cadastro\/\" \/>\n<meta property=\"og:locale\" content=\"pt_BR\" \/>\n<meta property=\"og:type\" content=\"article\" \/>\n<meta property=\"og:title\" content=\"Cadastro - Astrodestino - Astrologia\" \/>\n<meta property=\"og:description\" content=\"Receba atualiza\u00e7\u00f5es sobre o universo da Astrologia, Previs\u00f5es para os Signos e lan\u00e7amento de cursos nas plataformas digitais Seu melhor email Astrodestino Andreia Modesto Astr\u00f3loga desde 1988, j\u00e1 atendi milhares de pessoas nos \u00faltimos 33 anos e venho ajudando a transformar vidas diariamente por meio da leitura de mapa astral em consultas individuais. Atrav\u00e9s da [&hellip;]\" \/>\n<meta property=\"og:url\" content=\"https:\/\/astrodestino.com.br\/site\/cadastro\/\" \/>\n<meta property=\"og:site_name\" content=\"Astrodestino - Astrologia\" \/>\n<meta property=\"article:modified_time\" content=\"2025-08-06T20:00:31+00:00\" \/>\n<meta property=\"og:image\" content=\"https:\/\/astrodestino.com.br\/site\/wp-content\/uploads\/2022\/04\/Andreia-Pg-Captura-Mockup.png\" \/>\n\t<meta property=\"og:image:width\" content=\"800\" \/>\n\t<meta property=\"og:image:height\" content=\"620\" \/>\n\t<meta property=\"og:image:type\" content=\"image\/png\" \/>\n<meta name=\"twitter:card\" content=\"summary_large_image\" \/>\n<meta name=\"twitter:label1\" content=\"Est. tempo de leitura\" \/>\n\t<meta name=\"twitter:data1\" content=\"1 minuto\" \/>\n<script type=\"application\/ld+json\" class=\"yoast-schema-graph\">{\"@context\":\"https:\/\/schema.org\",\"@graph\":[{\"@type\":\"WebPage\",\"@id\":\"https:\/\/astrodestino.com.br\/site\/cadastro\/\",\"url\":\"https:\/\/astrodestino.com.br\/site\/cadastro\/\",\"name\":\"Cadastro - Astrodestino - Astrologia\",\"isPartOf\":{\"@id\":\"https:\/\/astrodestino.com.br\/site\/#website\"},\"primaryImageOfPage\":{\"@id\":\"https:\/\/astrodestino.com.br\/site\/cadastro\/#primaryimage\"},\"image\":{\"@id\":\"https:\/\/astrodestino.com.br\/site\/cadastro\/#primaryimage\"},\"thumbnailUrl\":\"https:\/\/astrodestino.com.br\/site\/wp-content\/uploads\/2022\/04\/Andreia-Pg-Captura-Mockup.png\",\"datePublished\":\"2025-07-25T20:08:20+00:00\",\"dateModified\":\"2025-08-06T20:00:31+00:00\",\"breadcrumb\":{\"@id\":\"https:\/\/astrodestino.com.br\/site\/cadastro\/#breadcrumb\"},\"inLanguage\":\"pt-BR\",\"potentialAction\":[{\"@type\":\"ReadAction\",\"target\":[\"https:\/\/astrodestino.com.br\/site\/cadastro\/\"]}]},{\"@type\":\"ImageObject\",\"inLanguage\":\"pt-BR\",\"@id\":\"https:\/\/astrodestino.com.br\/site\/cadastro\/#primaryimage\",\"url\":\"https:\/\/astrodestino.com.br\/site\/wp-content\/uploads\/2022\/04\/Andreia-Pg-Captura-Mockup.png\",\"contentUrl\":\"https:\/\/astrodestino.com.br\/site\/wp-content\/uploads\/2022\/04\/Andreia-Pg-Captura-Mockup.png\",\"width\":800,\"height\":620},{\"@type\":\"BreadcrumbList\",\"@id\":\"https:\/\/astrodestino.com.br\/site\/cadastro\/#breadcrumb\",\"itemListElement\":[{\"@type\":\"ListItem\",\"position\":1,\"name\":\"In\u00edcio\",\"item\":\"https:\/\/astrodestino.com.br\/site\/\"},{\"@type\":\"ListItem\",\"position\":2,\"name\":\"Cadastro\"}]},{\"@type\":\"WebSite\",\"@id\":\"https:\/\/astrodestino.com.br\/site\/#website\",\"url\":\"https:\/\/astrodestino.com.br\/site\/\",\"name\":\"Astrodestino - Astrologia\",\"description\":\"Estudos com base na pr\u00e1tica de mais de 30 anos de atendimento\",\"potentialAction\":[{\"@type\":\"SearchAction\",\"target\":{\"@type\":\"EntryPoint\",\"urlTemplate\":\"https:\/\/astrodestino.com.br\/site\/?s={search_term_string}\"},\"query-input\":{\"@type\":\"PropertyValueSpecification\",\"valueRequired\":true,\"valueName\":\"search_term_string\"}}],\"inLanguage\":\"pt-BR\"}]}<\/script>\n<!-- \/ Yoast SEO plugin. -->","yoast_head_json":{"title":"Cadastro - Astrodestino - Astrologia","robots":{"index":"index","follow":"follow","max-snippet":"max-snippet:-1","max-image-preview":"max-image-preview:large","max-video-preview":"max-video-preview:-1"},"canonical":"https:\/\/astrodestino.com.br\/site\/cadastro\/","og_locale":"pt_BR","og_type":"article","og_title":"Cadastro - Astrodestino - Astrologia","og_description":"Receba atualiza\u00e7\u00f5es sobre o universo da Astrologia, Previs\u00f5es para os Signos e lan\u00e7amento de cursos nas plataformas digitais Seu melhor email Astrodestino Andreia Modesto Astr\u00f3loga desde 1988, j\u00e1 atendi milhares de pessoas nos \u00faltimos 33 anos e venho ajudando a transformar vidas diariamente por meio da leitura de mapa astral em consultas individuais. Atrav\u00e9s da [&hellip;]","og_url":"https:\/\/astrodestino.com.br\/site\/cadastro\/","og_site_name":"Astrodestino - Astrologia","article_modified_time":"2025-08-06T20:00:31+00:00","og_image":[{"width":800,"height":620,"url":"https:\/\/astrodestino.com.br\/site\/wp-content\/uploads\/2022\/04\/Andreia-Pg-Captura-Mockup.png","type":"image\/png"}],"twitter_card":"summary_large_image","twitter_misc":{"Est. tempo de leitura":"1 minuto"},"schema":{"@context":"https:\/\/schema.org","@graph":[{"@type":"WebPage","@id":"https:\/\/astrodestino.com.br\/site\/cadastro\/","url":"https:\/\/astrodestino.com.br\/site\/cadastro\/","name":"Cadastro - Astrodestino - Astrologia","isPartOf":{"@id":"https:\/\/astrodestino.com.br\/site\/#website"},"primaryImageOfPage":{"@id":"https:\/\/astrodestino.com.br\/site\/cadastro\/#primaryimage"},"image":{"@id":"https:\/\/astrodestino.com.br\/site\/cadastro\/#primaryimage"},"thumbnailUrl":"https:\/\/astrodestino.com.br\/site\/wp-content\/uploads\/2022\/04\/Andreia-Pg-Captura-Mockup.png","datePublished":"2025-07-25T20:08:20+00:00","dateModified":"2025-08-06T20:00:31+00:00","breadcrumb":{"@id":"https:\/\/astrodestino.com.br\/site\/cadastro\/#breadcrumb"},"inLanguage":"pt-BR","potentialAction":[{"@type":"ReadAction","target":["https:\/\/astrodestino.com.br\/site\/cadastro\/"]}]},{"@type":"ImageObject","inLanguage":"pt-BR","@id":"https:\/\/astrodestino.com.br\/site\/cadastro\/#primaryimage","url":"https:\/\/astrodestino.com.br\/site\/wp-content\/uploads\/2022\/04\/Andreia-Pg-Captura-Mockup.png","contentUrl":"https:\/\/astrodestino.com.br\/site\/wp-content\/uploads\/2022\/04\/Andreia-Pg-Captura-Mockup.png","width":800,"height":620},{"@type":"BreadcrumbList","@id":"https:\/\/astrodestino.com.br\/site\/cadastro\/#breadcrumb","itemListElement":[{"@type":"ListItem","position":1,"name":"In\u00edcio","item":"https:\/\/astrodestino.com.br\/site\/"},{"@type":"ListItem","position":2,"name":"Cadastro"}]},{"@type":"WebSite","@id":"https:\/\/astrodestino.com.br\/site\/#website","url":"https:\/\/astrodestino.com.br\/site\/","name":"Astrodestino - Astrologia","description":"Estudos com base na pr\u00e1tica de mais de 30 anos de atendimento","potentialAction":[{"@type":"SearchAction","target":{"@type":"EntryPoint","urlTemplate":"https:\/\/astrodestino.com.br\/site\/?s={search_term_string}"},"query-input":{"@type":"PropertyValueSpecification","valueRequired":true,"valueName":"search_term_string"}}],"inLanguage":"pt-BR"}]}},"_links":{"self":[{"href":"https:\/\/astrodestino.com.br\/site\/wp-json\/wp\/v2\/pages\/10666","targetHints":{"allow":["GET"]}}],"collection":[{"href":"https:\/\/astrodestino.com.br\/site\/wp-json\/wp\/v2\/pages"}],"about":[{"href":"https:\/\/astrodestino.com.br\/site\/wp-json\/wp\/v2\/types\/page"}],"author":[{"embeddable":true,"href":"https:\/\/astrodestino.com.br\/site\/wp-json\/wp\/v2\/users\/1"}],"replies":[{"embeddable":true,"href":"https:\/\/astrodestino.com.br\/site\/wp-json\/wp\/v2\/comments?post=10666"}],"version-history":[{"count":23,"href":"https:\/\/astrodestino.com.br\/site\/wp-json\/wp\/v2\/pages\/10666\/revisions"}],"predecessor-version":[{"id":10935,"href":"https:\/\/astrodestino.com.br\/site\/wp-json\/wp\/v2\/pages\/10666\/revisions\/10935"}],"wp:attachment":[{"href":"https:\/\/astrodestino.com.br\/site\/wp-json\/wp\/v2\/media?parent=10666"}],"curies":[{"name":"wp","href":"https:\/\/api.w.org\/{rel}","templated":true}]}}