{"id":8040,"date":"2022-04-06T09:13:52","date_gmt":"2022-04-06T12:13:52","guid":{"rendered":"http:\/\/astrodestino.com.br\/site2022\/?page_id=8040"},"modified":"2022-04-09T11:35:34","modified_gmt":"2022-04-09T14:35:34","slug":"horoscopo-semanal","status":"publish","type":"page","link":"https:\/\/astrodestino.com.br\/site\/horoscopo-semanal\/","title":{"rendered":"Hor\u00f3scopo Semanal"},"content":{"rendered":"\t\t<div data-elementor-type=\"wp-page\" data-elementor-id=\"8040\" class=\"elementor elementor-8040\">\n\t\t\t\t\t\t<section class=\"elementor-section elementor-top-section elementor-element elementor-element-f039f2e elementor-section-boxed elementor-section-height-default elementor-section-height-default\" data-id=\"f039f2e\" data-element_type=\"section\">\n\t\t\t\t\t\t<div class=\"elementor-container elementor-column-gap-default\">\n\t\t\t\t\t<div class=\"elementor-column elementor-col-100 elementor-top-column elementor-element elementor-element-95bb326\" data-id=\"95bb326\" data-element_type=\"column\">\n\t\t\t<div class=\"elementor-widget-wrap elementor-element-populated\">\n\t\t\t\t\t\t<div class=\"elementor-element elementor-element-30e751d elementor-widget elementor-widget-ucaddon_post_list\" data-id=\"30e751d\" data-element_type=\"widget\" data-widget_type=\"ucaddon_post_list.default\">\n\t\t\t\t<div class=\"elementor-widget-container\">\n\t\t\t\t\t\n<!-- start Post List -->\n\t\t<link id='font-awesome-css' href='https:\/\/astrodestino.com.br\/site\/wp-content\/plugins\/unlimited-elements-for-elementor\/assets_libraries\/font-awesome6\/fontawesome-all.min.css' type='text\/css' rel='stylesheet' >\n\t\t<link id='font-awesome-4-shim-css' href='https:\/\/astrodestino.com.br\/site\/wp-content\/plugins\/unlimited-elements-for-elementor\/assets_libraries\/font-awesome6\/fontawesome-v4-shims.min.css' type='text\/css' rel='stylesheet' >\n\n<style>\/* widget: Post List *\/\n\n#uc_post_list_elementor_30e751d\n{\n  display:grid;\n}\n\n\n#uc_post_list_elementor_30e751d .uc_post_list_image div\n{\n  background-size:cover;\n  background-position:center;\n}\n\n\n.uc_post_list .uc_post_list_box{\n\tposition: relative;\n\toverflow: hidden;\n\tdisplay: flex;\n}\n\n#uc_post_list_elementor_30e751d .uc_post_list_image\n{\n  flex-grow:0;\n  flex-shrink:0;\n}\n\n#uc_post_list_elementor_30e751d .uc_post_list_image img\n{\n  width:100%;\n  display:block;\n  transition:0.3s;\n  \n}\n\n\n.uc_post_list_title a{\n\tcolor: #333333;\n    font-size: 16px;\n}\n.uc_post_list_date{\n\tfont-size: 12px;\n}\n\n#uc_post_list_elementor_30e751d .uc_post_list_content\n{\n  display:flex;\n  flex-direction:column;\n  flex:1;\n}\n\n#uc_post_list_elementor_30e751d .uc_more_btn{\n\n  text-align:center;\n  text-decoration:none;\n  transition:0.3s;\n}\n\n#uc_post_list_elementor_30e751d .button-on-side\n{\n  display:flex;\n  align-items:center;\n}\n\n\n.ue-grid-item-category a\n{\n  display:inline-block;\n  font-size:10px;\n  text-transform:uppercase;\n}\n\n#uc_post_list_elementor_30e751d .ue-meta-data\n{\n  \n  display:flex;\n\n  flex-wrap: wrap;\n  line-height:1em;\n}\n\n#uc_post_list_elementor_30e751d .ue-grid-item-meta-data\n{\n      display:inline-flex;\n      align-items:center;\n}\n\n.ue-grid-item-meta-data\n{\n  font-size:12px;\n}\n\n#uc_post_list_elementor_30e751d .ue-grid-item-meta-data-icon\n{\n  line-height:1em;\n}\n\n#uc_post_list_elementor_30e751d .ue-grid-item-meta-data-icon svg\n{\n  width:1em;\n  height:1em;\n}\n\n\n\n#uc_post_list_elementor_30e751d .ue-debug-meta\n{\n  padding:10px;\n  border:1px solid red;\n  position:relative;\n  line-height:1.5em;\n  font-size:11px;\n  width:100%;\n}\n\n<\/style>\n\n<div class=\"uc_post_list uc-items-wrapper\" id=\"uc_post_list_elementor_30e751d\" >    \t\n  <div class=\"uc_post_list_box\">\n    \n  \t\t\n  \n    <div class=\"uc_post_list_content\">\n      <div class=\"uc_post_list_content_inside\">\n        \n                        \n         \n        \n         <div class=\"uc_post_list_title\"><a href=\"https:\/\/astrodestino.com.br\/site\/horoscopo\/agosto-de-2025\/\" title=\"Agosto de 2025\">Agosto de 2025<\/a><\/div>\t\n         \n        <div class=\"ue-meta-data\">\n                        \n                        \n            \n                        \n                        \n            \n              \n          <\/div>\n         \n                \n         <div class=\"uc_post_content\">S\u00e3o muitos os posicionamentos importantes em agosto e o m\u00eas pode ser dividido claramente entre Le\u00e3o e...<\/div>\t\n         <div><a href=\"https:\/\/astrodestino.com.br\/site\/horoscopo\/agosto-de-2025\/\" class=\"uc_more_btn \" title=\"\">Continue lendo<\/a><\/div>\t\n      <\/div>\n    <\/div>\n     \n       \n<\/div>\n<div class=\"uc_post_list_box\">\n    \n  \t\t\n  \n    <div class=\"uc_post_list_content\">\n      <div class=\"uc_post_list_content_inside\">\n        \n                        \n         \n        \n         <div class=\"uc_post_list_title\"><a href=\"https:\/\/astrodestino.com.br\/site\/horoscopo\/julho-2025-urano-em-gemeos-novos-ares\/\" title=\"Julho 2025 - Urano em G\u00eameos - Novos ares\">Julho 2025 - Urano em G\u00eameos - Novos ares<\/a><\/div>\t\n         \n        <div class=\"ue-meta-data\">\n                        \n                        \n            \n                        \n                        \n            \n              \n          <\/div>\n         \n                \n         <div class=\"uc_post_content\">Julho de 2025. Apesar do Sol em C\u00e2ncer ou em Le\u00e3o, o m\u00eas me parece geminiano. Muitas solicita\u00e7\u00f5es diferentes...<\/div>\t\n         <div><a href=\"https:\/\/astrodestino.com.br\/site\/horoscopo\/julho-2025-urano-em-gemeos-novos-ares\/\" class=\"uc_more_btn \" title=\"\">Continue lendo<\/a><\/div>\t\n      <\/div>\n    <\/div>\n     \n       \n<\/div>\n<div class=\"uc_post_list_box\">\n    \n  \t\t\n  \n    <div class=\"uc_post_list_content\">\n      <div class=\"uc_post_list_content_inside\">\n        \n                        \n         \n        \n         <div class=\"uc_post_list_title\"><a href=\"https:\/\/astrodestino.com.br\/site\/horoscopo\/junho-2025-jupiter-em-cancer\/\" title=\"Junho 2025: J\u00fapiter em C\u00e2ncer\">Junho 2025: J\u00fapiter em C\u00e2ncer<\/a><\/div>\t\n         \n        <div class=\"ue-meta-data\">\n                        \n                        \n            \n                        \n                        \n            \n              \n          <\/div>\n         \n                \n         <div class=\"uc_post_content\">J\u00fapiter em C\u00e2ncer: \u201c\u00c1gua, tu n\u00e3o tens sabor, nem cor, nem odor; n\u00e3o podes ser definida, \u00e9s apreciada...<\/div>\t\n         <div><a href=\"https:\/\/astrodestino.com.br\/site\/horoscopo\/junho-2025-jupiter-em-cancer\/\" class=\"uc_more_btn \" title=\"\">Continue lendo<\/a><\/div>\t\n      <\/div>\n    <\/div>\n     \n       \n<\/div>\n<div class=\"uc_post_list_box\">\n    \n  \t\t\n  \n    <div class=\"uc_post_list_content\">\n      <div class=\"uc_post_list_content_inside\">\n        \n                        \n         \n        \n         <div class=\"uc_post_list_title\"><a href=\"https:\/\/astrodestino.com.br\/site\/horoscopo\/25-de-maio-saturno-em-aries\/\" title=\"Sol e Merc\u00fario em G\u00eameos. Saturno em \u00c1ries.\">Sol e Merc\u00fario em G\u00eameos. Saturno em \u00c1ries.<\/a><\/div>\t\n         \n        <div class=\"ue-meta-data\">\n                        \n                        \n            \n                        \n                        \n            \n              \n          <\/div>\n         \n                \n         <div class=\"uc_post_content\">Com Saturno entrando em \u00c1ries no dia 25 de maio e encontrando Netuno no mesmo signo, voc\u00ea poder\u00e1 se perguntar:...<\/div>\t\n         <div><a href=\"https:\/\/astrodestino.com.br\/site\/horoscopo\/25-de-maio-saturno-em-aries\/\" class=\"uc_more_btn \" title=\"\">Continue lendo<\/a><\/div>\t\n      <\/div>\n    <\/div>\n     \n       \n<\/div>\n<div class=\"uc_post_list_box\">\n    \n  \t\t\n  \n    <div class=\"uc_post_list_content\">\n      <div class=\"uc_post_list_content_inside\">\n        \n                        \n         \n        \n         <div class=\"uc_post_list_title\"><a href=\"https:\/\/astrodestino.com.br\/site\/horoscopo\/de-16-a-30-de-abril-marte-em-leao-sol-e-lua-nova-em-touro-venus-em-aries\/\" title=\"De 16 a 30 de abril. Marte em Le\u00e3o. Sol e Lua Nova em Touro. V\u00eanus em \u00c1ries.\">De 16 a 30 de abril. Marte em Le\u00e3o. Sol e Lua Nova em Touro. V\u00eanus em \u00c1ries.<\/a><\/div>\t\n         \n        <div class=\"ue-meta-data\">\n                        \n                        \n            \n                        \n                        \n            \n              \n          <\/div>\n         \n                \n         <div class=\"uc_post_content\">Duas datas para meditar sobre paz, concilia\u00e7\u00e3o, prosperidade e boa sa\u00fade: Ingresso do Sol em Touro &#8211;...<\/div>\t\n         <div><a href=\"https:\/\/astrodestino.com.br\/site\/horoscopo\/de-16-a-30-de-abril-marte-em-leao-sol-e-lua-nova-em-touro-venus-em-aries\/\" class=\"uc_more_btn \" title=\"\">Continue lendo<\/a><\/div>\t\n      <\/div>\n    <\/div>\n     \n       \n<\/div>\n<div class=\"uc_post_list_box\">\n    \n  \t\t\n  \n    <div class=\"uc_post_list_content\">\n      <div class=\"uc_post_list_content_inside\">\n        \n                        \n         \n        \n         <div class=\"uc_post_list_title\"><a href=\"https:\/\/astrodestino.com.br\/site\/horoscopo\/abril-2025-aspectos-astrologicos\/\" title=\"Abril 2025. Aspectos astrol\u00f3gicos.\">Abril 2025. Aspectos astrol\u00f3gicos.<\/a><\/div>\t\n         \n        <div class=\"ue-meta-data\">\n                        \n                        \n            \n                        \n                        \n            \n              \n          <\/div>\n         \n                \n         <div class=\"uc_post_content\">O m\u00eas de abril come\u00e7a na ter\u00e7a-feira, dia de Marte, planeta que entra em Le\u00e3o no dia 18, recebendo oposi\u00e7\u00e3o...<\/div>\t\n         <div><a href=\"https:\/\/astrodestino.com.br\/site\/horoscopo\/abril-2025-aspectos-astrologicos\/\" class=\"uc_more_btn \" title=\"\">Continue lendo<\/a><\/div>\t\n      <\/div>\n    <\/div>\n     \n       \n<\/div>\n<div class=\"uc_post_list_box\">\n    \n  \t\t\n  \n    <div class=\"uc_post_list_content\">\n      <div class=\"uc_post_list_content_inside\">\n        \n                        \n         \n        \n         <div class=\"uc_post_list_title\"><a href=\"https:\/\/astrodestino.com.br\/site\/horoscopo\/ingresso-do-sol-em-aries-lua-nova-em-aries\/\" title=\"Ingresso do Sol em \u00c1ries. Lua Nova em \u00c1ries.\">Ingresso do Sol em \u00c1ries. Lua Nova em \u00c1ries.<\/a><\/div>\t\n         \n        <div class=\"ue-meta-data\">\n                        \n                        \n            \n                        \n                        \n            \n              \n          <\/div>\n         \n                \n         <div class=\"uc_post_content\">Andreia Modesto Andreia Modesto h\u00e1 16 minutos (editado) Com o Sol ingressando no signo de \u00c1ries em 20...<\/div>\t\n         <div><a href=\"https:\/\/astrodestino.com.br\/site\/horoscopo\/ingresso-do-sol-em-aries-lua-nova-em-aries\/\" class=\"uc_more_btn \" title=\"\">Continue lendo<\/a><\/div>\t\n      <\/div>\n    <\/div>\n     \n       \n<\/div>\n<div class=\"uc_post_list_box\">\n    \n  \t\t\n  \n    <div class=\"uc_post_list_content\">\n      <div class=\"uc_post_list_content_inside\">\n        \n                        \n         \n        \n         <div class=\"uc_post_list_title\"><a href=\"https:\/\/astrodestino.com.br\/site\/horoscopo\/sol-em-peixes-18-fevereiro-7h07\/\" title=\"Sol em Peixes. 18 fevereiro 7h07.\">Sol em Peixes. 18 fevereiro 7h07.<\/a><\/div>\t\n         \n        <div class=\"ue-meta-data\">\n                        \n                        \n            \n                        \n                        \n            \n              \n          <\/div>\n         \n                \n         <div class=\"uc_post_content\">O ingresso do Sol em Peixes poderia ser celebrado como um momento de \u201cretiro\u201d no sentido literal. Peixes...<\/div>\t\n         <div><a href=\"https:\/\/astrodestino.com.br\/site\/horoscopo\/sol-em-peixes-18-fevereiro-7h07\/\" class=\"uc_more_btn \" title=\"\">Continue lendo<\/a><\/div>\t\n      <\/div>\n    <\/div>\n     \n       \n<\/div>\n<div class=\"uc_post_list_box\">\n    \n  \t\t\n  \n    <div class=\"uc_post_list_content\">\n      <div class=\"uc_post_list_content_inside\">\n        \n                        \n         \n        \n         <div class=\"uc_post_list_title\"><a href=\"https:\/\/astrodestino.com.br\/site\/horoscopo\/horoscopo-urano-quadratura-sol-e-mercurio-lua-cheia-em-leao\/\" title=\"Hor\u00f3scopo. Urano quadratura Sol e Merc\u00fario. Lua Cheia em Le\u00e3o.\">Hor\u00f3scopo. Urano quadratura Sol e Merc\u00fario. Lua Cheia em Le\u00e3o.<\/a><\/div>\t\n         \n        <div class=\"ue-meta-data\">\n                        \n                        \n            \n                        \n                        \n            \n              \n          <\/div>\n         \n                \n         <div class=\"uc_post_content\">Ventos aquarianos antes do ingresso do Sol em Peixes no dia 18 de fevereiro. Urano, s\u00edmbolo de liberdade...<\/div>\t\n         <div><a href=\"https:\/\/astrodestino.com.br\/site\/horoscopo\/horoscopo-urano-quadratura-sol-e-mercurio-lua-cheia-em-leao\/\" class=\"uc_more_btn \" title=\"\">Continue lendo<\/a><\/div>\t\n      <\/div>\n    <\/div>\n     \n       \n<\/div>\n<div class=\"uc_post_list_box\">\n    \n  \t\t\n  \n    <div class=\"uc_post_list_content\">\n      <div class=\"uc_post_list_content_inside\">\n        \n                        \n         \n        \n         <div class=\"uc_post_list_title\"><a href=\"https:\/\/astrodestino.com.br\/site\/horoscopo\/sol-e-mercurio-em-aquario-horoscopo-de-19-a-30-de-janeiro\/\" title=\"Sol e Merc\u00fario em Aqu\u00e1rio. Hor\u00f3scopo de 19 a 30 de janeiro.\">Sol e Merc\u00fario em Aqu\u00e1rio. Hor\u00f3scopo de 19 a 30 de janeiro.<\/a><\/div>\t\n         \n        <div class=\"ue-meta-data\">\n                        \n                        \n            \n                        \n                        \n            \n              \n          <\/div>\n         \n                \n         <div class=\"uc_post_content\">Muita for\u00e7a aquariana a partir de 19 janeiro. Sol em Aqu\u00e1rio no dia 19, 17 horas. No dia 21, Plut\u00e3o conjunto...<\/div>\t\n         <div><a href=\"https:\/\/astrodestino.com.br\/site\/horoscopo\/sol-e-mercurio-em-aquario-horoscopo-de-19-a-30-de-janeiro\/\" class=\"uc_more_btn \" title=\"\">Continue lendo<\/a><\/div>\t\n      <\/div>\n    <\/div>\n     \n       \n<\/div>\n\n<\/div>\n\n\n<!-- end Post List --><div class='uc-posts-pagination'><span aria-current=\"page\" class=\"page-numbers current\">1<\/span>\n<a class=\"page-numbers\" href=\"https:\/\/astrodestino.com.br\/site\/horoscopo-semanal\/2\/\">2<\/a>\n<a class=\"page-numbers\" href=\"https:\/\/astrodestino.com.br\/site\/horoscopo-semanal\/3\/\">3<\/a>\n<span class=\"page-numbers dots\">&hellip;<\/span>\n<a class=\"page-numbers\" href=\"https:\/\/astrodestino.com.br\/site\/horoscopo-semanal\/32\/\">32<\/a><\/div>\t\t\t\t<\/div>\n\t\t\t\t<\/div>\n\t\t\t\t\t<\/div>\n\t\t<\/div>\n\t\t\t\t\t<\/div>\n\t\t<\/section>\n\t\t\t\t<\/div>\n\t\t","protected":false},"excerpt":{"rendered":"<p>Hor\u00f3scopo semanal: de 9 a 15 de novembro Hor\u00f3scopo semanal &#8211; de 9 a 15 novembro: no dia 15, domingo, 2h07 da madrugada, Lua Nova em Escorpi\u00e3o&#8230;. Continue lendo Hor\u00f3scopo semanal de 21 a 27 de fevereiro A Lua Minguante em Sagit\u00e1rio acontece no dia 23, \u00e0s 19h32 combina um signo de expans\u00e3o e brilho [&hellip;]<\/p>\n","protected":false},"author":1,"featured_media":0,"parent":0,"menu_order":0,"comment_status":"closed","ping_status":"closed","template":"","meta":{"_acf_changed":false,"footnotes":""},"class_list":["post-8040","page","type-page","status-publish","hentry"],"acf":[],"yoast_head":"<!-- This site is optimized with the Yoast SEO plugin v27.2 - https:\/\/yoast.com\/product\/yoast-seo-wordpress\/ -->\n<title>Hor\u00f3scopo Semanal - Astrodestino - Astrologia<\/title>\n<meta name=\"robots\" content=\"index, follow, max-snippet:-1, max-image-preview:large, max-video-preview:-1\" \/>\n<link rel=\"canonical\" href=\"https:\/\/astrodestino.com.br\/site\/horoscopo-semanal\/\" \/>\n<meta property=\"og:locale\" content=\"pt_BR\" \/>\n<meta property=\"og:type\" content=\"article\" \/>\n<meta property=\"og:title\" content=\"Hor\u00f3scopo Semanal - Astrodestino - Astrologia\" \/>\n<meta property=\"og:description\" content=\"Hor\u00f3scopo semanal: de 9 a 15 de novembro Hor\u00f3scopo semanal &#8211; de 9 a 15 novembro: no dia 15, domingo, 2h07 da madrugada, Lua Nova em Escorpi\u00e3o&#8230;. Continue lendo Hor\u00f3scopo semanal de 21 a 27 de fevereiro A Lua Minguante em Sagit\u00e1rio acontece no dia 23, \u00e0s 19h32 combina um signo de expans\u00e3o e brilho [&hellip;]\" \/>\n<meta property=\"og:url\" content=\"https:\/\/astrodestino.com.br\/site\/horoscopo-semanal\/\" \/>\n<meta property=\"og:site_name\" content=\"Astrodestino - Astrologia\" \/>\n<meta property=\"article:modified_time\" content=\"2022-04-09T14:35:34+00:00\" \/>\n<meta name=\"twitter:card\" content=\"summary_large_image\" \/>\n<meta name=\"twitter:label1\" content=\"Est. tempo de leitura\" \/>\n\t<meta name=\"twitter:data1\" content=\"1 minuto\" \/>\n<script type=\"application\/ld+json\" class=\"yoast-schema-graph\">{\"@context\":\"https:\/\/schema.org\",\"@graph\":[{\"@type\":\"WebPage\",\"@id\":\"https:\/\/astrodestino.com.br\/site\/horoscopo-semanal\/\",\"url\":\"https:\/\/astrodestino.com.br\/site\/horoscopo-semanal\/\",\"name\":\"Hor\u00f3scopo Semanal - Astrodestino - Astrologia\",\"isPartOf\":{\"@id\":\"https:\/\/astrodestino.com.br\/site\/#website\"},\"datePublished\":\"2022-04-06T12:13:52+00:00\",\"dateModified\":\"2022-04-09T14:35:34+00:00\",\"breadcrumb\":{\"@id\":\"https:\/\/astrodestino.com.br\/site\/horoscopo-semanal\/#breadcrumb\"},\"inLanguage\":\"pt-BR\",\"potentialAction\":[{\"@type\":\"ReadAction\",\"target\":[\"https:\/\/astrodestino.com.br\/site\/horoscopo-semanal\/\"]}]},{\"@type\":\"BreadcrumbList\",\"@id\":\"https:\/\/astrodestino.com.br\/site\/horoscopo-semanal\/#breadcrumb\",\"itemListElement\":[{\"@type\":\"ListItem\",\"position\":1,\"name\":\"In\u00edcio\",\"item\":\"https:\/\/astrodestino.com.br\/site\/\"},{\"@type\":\"ListItem\",\"position\":2,\"name\":\"Hor\u00f3scopo Semanal\"}]},{\"@type\":\"WebSite\",\"@id\":\"https:\/\/astrodestino.com.br\/site\/#website\",\"url\":\"https:\/\/astrodestino.com.br\/site\/\",\"name\":\"Astrodestino - Astrologia\",\"description\":\"Estudos com base na pr\u00e1tica de mais de 30 anos de atendimento\",\"potentialAction\":[{\"@type\":\"SearchAction\",\"target\":{\"@type\":\"EntryPoint\",\"urlTemplate\":\"https:\/\/astrodestino.com.br\/site\/?s={search_term_string}\"},\"query-input\":{\"@type\":\"PropertyValueSpecification\",\"valueRequired\":true,\"valueName\":\"search_term_string\"}}],\"inLanguage\":\"pt-BR\"}]}<\/script>\n<!-- \/ Yoast SEO plugin. -->","yoast_head_json":{"title":"Hor\u00f3scopo Semanal - Astrodestino - Astrologia","robots":{"index":"index","follow":"follow","max-snippet":"max-snippet:-1","max-image-preview":"max-image-preview:large","max-video-preview":"max-video-preview:-1"},"canonical":"https:\/\/astrodestino.com.br\/site\/horoscopo-semanal\/","og_locale":"pt_BR","og_type":"article","og_title":"Hor\u00f3scopo Semanal - Astrodestino - Astrologia","og_description":"Hor\u00f3scopo semanal: de 9 a 15 de novembro Hor\u00f3scopo semanal &#8211; de 9 a 15 novembro: no dia 15, domingo, 2h07 da madrugada, Lua Nova em Escorpi\u00e3o&#8230;. Continue lendo Hor\u00f3scopo semanal de 21 a 27 de fevereiro A Lua Minguante em Sagit\u00e1rio acontece no dia 23, \u00e0s 19h32 combina um signo de expans\u00e3o e brilho [&hellip;]","og_url":"https:\/\/astrodestino.com.br\/site\/horoscopo-semanal\/","og_site_name":"Astrodestino - Astrologia","article_modified_time":"2022-04-09T14:35:34+00:00","twitter_card":"summary_large_image","twitter_misc":{"Est. tempo de leitura":"1 minuto"},"schema":{"@context":"https:\/\/schema.org","@graph":[{"@type":"WebPage","@id":"https:\/\/astrodestino.com.br\/site\/horoscopo-semanal\/","url":"https:\/\/astrodestino.com.br\/site\/horoscopo-semanal\/","name":"Hor\u00f3scopo Semanal - Astrodestino - Astrologia","isPartOf":{"@id":"https:\/\/astrodestino.com.br\/site\/#website"},"datePublished":"2022-04-06T12:13:52+00:00","dateModified":"2022-04-09T14:35:34+00:00","breadcrumb":{"@id":"https:\/\/astrodestino.com.br\/site\/horoscopo-semanal\/#breadcrumb"},"inLanguage":"pt-BR","potentialAction":[{"@type":"ReadAction","target":["https:\/\/astrodestino.com.br\/site\/horoscopo-semanal\/"]}]},{"@type":"BreadcrumbList","@id":"https:\/\/astrodestino.com.br\/site\/horoscopo-semanal\/#breadcrumb","itemListElement":[{"@type":"ListItem","position":1,"name":"In\u00edcio","item":"https:\/\/astrodestino.com.br\/site\/"},{"@type":"ListItem","position":2,"name":"Hor\u00f3scopo Semanal"}]},{"@type":"WebSite","@id":"https:\/\/astrodestino.com.br\/site\/#website","url":"https:\/\/astrodestino.com.br\/site\/","name":"Astrodestino - Astrologia","description":"Estudos com base na pr\u00e1tica de mais de 30 anos de atendimento","potentialAction":[{"@type":"SearchAction","target":{"@type":"EntryPoint","urlTemplate":"https:\/\/astrodestino.com.br\/site\/?s={search_term_string}"},"query-input":{"@type":"PropertyValueSpecification","valueRequired":true,"valueName":"search_term_string"}}],"inLanguage":"pt-BR"}]}},"_links":{"self":[{"href":"https:\/\/astrodestino.com.br\/site\/wp-json\/wp\/v2\/pages\/8040","targetHints":{"allow":["GET"]}}],"collection":[{"href":"https:\/\/astrodestino.com.br\/site\/wp-json\/wp\/v2\/pages"}],"about":[{"href":"https:\/\/astrodestino.com.br\/site\/wp-json\/wp\/v2\/types\/page"}],"author":[{"embeddable":true,"href":"https:\/\/astrodestino.com.br\/site\/wp-json\/wp\/v2\/users\/1"}],"replies":[{"embeddable":true,"href":"https:\/\/astrodestino.com.br\/site\/wp-json\/wp\/v2\/comments?post=8040"}],"version-history":[{"count":7,"href":"https:\/\/astrodestino.com.br\/site\/wp-json\/wp\/v2\/pages\/8040\/revisions"}],"predecessor-version":[{"id":8084,"href":"https:\/\/astrodestino.com.br\/site\/wp-json\/wp\/v2\/pages\/8040\/revisions\/8084"}],"wp:attachment":[{"href":"https:\/\/astrodestino.com.br\/site\/wp-json\/wp\/v2\/media?parent=8040"}],"curies":[{"name":"wp","href":"https:\/\/api.w.org\/{rel}","templated":true}]}}